{"id":866,"date":"2021-12-06T12:30:29","date_gmt":"2021-12-06T11:30:29","guid":{"rendered":"https:\/\/knappgarden.se\/gastinformation\/"},"modified":"2022-02-15T10:36:05","modified_gmt":"2022-02-15T09:36:05","slug":"guests-information","status":"publish","type":"page","link":"https:\/\/knappgarden.se\/en\/guests-information\/","title":{"rendered":"GUESTS INFORMATION"},"content":{"rendered":"<div id='full_slider_1'  class='avia-fullwidth-slider main_color avia-shadow  av-small-hide av-mini-hide  avia-builder-el-0  el_before_av_slideshow_full  avia-builder-el-first   container_wrap sidebar_right' style=' '  ><div   data-size='featured_large'  data-lightbox_size='large'  data-animation='slide'  data-conditional_play=''  data-ids='574'  data-video_counter='0'  data-autoplay='false'  data-bg_slider='false'  data-slide_height=''  data-handle='av_slideshow_full'  data-interval='5'  data-class=' '  data-el_id=''  data-css_id=''  data-scroll_down=''  data-control_layout='av-control-default'  data-custom_markup=''  data-perma_caption=''  data-autoplay_stopper=''  data-image_attachment=''  data-min_height='0px'  data-lazy_loading='disabled'  data-src=''  data-position='top left'  data-repeat='no-repeat'  data-attach='scroll'  data-stretch=''  data-default-height='32.8125'  class='avia-slideshow avia-slideshow-1  av-control-default av-default-height-applied avia-slideshow-featured_large av_slideshow_full   avia-slide-slider '  itemprop=\"image\" itemscope=\"itemscope\" itemtype=\"https:\/\/schema.org\/ImageObject\" ><ul class='avia-slideshow-inner ' style='padding-bottom: 32.8125%;' ><li  class=' av-single-slide slide-1 ' ><div data-rel='slideshow-1' class='avia-slide-wrap '   ><img decoding=\"async\" class=\"wp-image-828 avia-img-lazy-loading-not-828\"  src=\"https:\/\/knappgarden.se\/wp-content\/uploads\/2022\/01\/gastinformation-banner-1920x630.png\" width=\"1920\" height=\"630\" title='Knappg\u00e5rden Fj\u00e4llhotell i Dalarna, i S\u00e4rna, n\u00e4ra Idre' alt=''  itemprop=\"thumbnailUrl\" srcset=\"https:\/\/knappgarden.se\/wp-content\/uploads\/2022\/01\/gastinformation-banner.png 1920w, https:\/\/knappgarden.se\/wp-content\/uploads\/2022\/01\/gastinformation-banner-300x98.png 300w, https:\/\/knappgarden.se\/wp-content\/uploads\/2022\/01\/gastinformation-banner-1030x338.png 1030w, https:\/\/knappgarden.se\/wp-content\/uploads\/2022\/01\/gastinformation-banner-768x252.png 768w, https:\/\/knappgarden.se\/wp-content\/uploads\/2022\/01\/gastinformation-banner-1536x504.png 1536w, https:\/\/knappgarden.se\/wp-content\/uploads\/2022\/01\/gastinformation-banner-705x231.png 705w\" sizes=\"(max-width: 1920px) 100vw, 1920px\" \/><\/div><\/li><\/ul><\/div><\/div>\n<div id='full_slider_2'  class='avia-fullwidth-slider main_color avia-shadow  av-desktop-hide av-medium-hide  avia-builder-el-1  el_after_av_slideshow_full  el_before_av_section   slider-not-first container_wrap sidebar_right' style=' '  ><div   data-size='featured'  data-lightbox_size='large'  data-animation='slide'  data-conditional_play=''  data-ids='574'  data-video_counter='0'  data-autoplay='false'  data-bg_slider='false'  data-slide_height=''  data-handle='av_slideshow_full'  data-interval='5'  data-class=' '  data-el_id=''  data-css_id=''  data-scroll_down=''  data-control_layout='av-control-default'  data-custom_markup=''  data-perma_caption=''  data-autoplay_stopper=''  data-image_attachment=''  data-min_height='400px'  data-lazy_loading='disabled'  data-src=''  data-position='top left'  data-repeat='no-repeat'  data-attach='scroll'  data-stretch=''  data-default-height='22.395833333333'  class='avia-slideshow avia-slideshow-2  av-control-default av-default-height-applied avia-slideshow-featured av_slideshow_full   avia-slide-slider '  itemprop=\"image\" itemscope=\"itemscope\" itemtype=\"https:\/\/schema.org\/ImageObject\" ><ul class='avia-slideshow-inner ' style='padding-bottom: 22.395833333333%;' ><li  class=' av-single-slide slide-1 ' ><div data-rel='slideshow-2' class='avia-slide-wrap '   ><img decoding=\"async\" class=\"wp-image-828 avia-img-lazy-loading-not-828\"  src=\"https:\/\/knappgarden.se\/wp-content\/uploads\/2022\/01\/gastinformation-banner-1920x430.png\" width=\"1920\" height=\"430\" title='Knappg\u00e5rden Fj\u00e4llhotell i Dalarna, i S\u00e4rna, n\u00e4ra Idre' alt=''  itemprop=\"thumbnailUrl\"  style='min-height:400px; min-width:1787px; ' \/><\/div><\/li><\/ul><\/div><\/div>\n<div id='av_section_1'  class='avia-section main_color avia-section-default avia-no-border-styling  avia-bg-style-scroll  avia-builder-el-2  el_after_av_slideshow_full  avia-builder-el-last   container_wrap sidebar_right' style=' '  ><div class='container' ><div class='template-page content  av-content-small alpha units'><div class='post-entry post-entry-type-page post-entry-866'><div class='entry-content-wrapper clearfix'>\n<div class=\"flex_column av_one_fifth  flex_column_div av-zero-column-padding first  avia-builder-el-3  el_before_av_three_fifth  avia-builder-el-first  \" style='border-radius:0px; '><\/div><div class=\"flex_column av_three_fifth  flex_column_div av-zero-column-padding   avia-builder-el-4  el_after_av_one_fifth  el_before_av_one_fifth  \" style='border-radius:0px; '><p><div  style='padding-bottom:0px; margin:0 0 0 0; ' class='av-special-heading av-special-heading-h1  blockquote modern-quote  avia-builder-el-5  el_before_av_textblock  avia-builder-el-first  '><h1 class='av-special-heading-tag '  itemprop=\"headline\"  >GUESTS INFORMATION<\/h1><div class='special-heading-border'><div class='special-heading-inner-border' ><\/div><\/div><\/div><br \/>\n<section class=\"av_textblock_section \"  itemscope=\"itemscope\" itemtype=\"https:\/\/schema.org\/CreativeWork\" ><div class='avia_textblock  '   itemprop=\"text\" ><p><strong>Times<\/strong><\/p>\n<p>Check-in from 15.00, check-out by 11.00<br \/>\nBreakfast is served 8.00-9.00, but you are welcome to take your time to enjoy your food.<br \/>\nDinner is served 19.00 Pre booking essential!<\/p>\n<p><strong>Recycling and the environment:<\/strong><\/p>\n<p>At Knappg\u00e5rden we want to do everything we can to keep and conserve our beautiful surroundings. We use LED lighting and SWAN marked cleaning products. Our heating and hot water is produced by 2.5 km ground source heating and 100% green electricity from Dalakraft. It goes without saying that we recycle all our waste products.<\/p>\n<p><strong>Cleaning;<\/strong><\/p>\n<p>The rooms are cleaned by us after each visit. If you require a daily tidy and clean towels just let us know. We are happy to remake your beds with fresh linen at a cost of 100 Skr per person and time.<\/p>\n<p><strong>Laundry service;<\/strong><\/p>\n<p>Laundry can be left with us in the reception. Allow 24 hours to have your clothes washed and dried at a cost of 100 Skr per machine load.<\/p>\n<p><strong>Internet service;<\/strong><\/p>\n<p>Wifi is free and is available throughout the hotel.<\/p>\n<p><strong>Smoking;<\/strong><\/p>\n<p>All rooms, public areas, restaurant and even immediately outside the entrances are smoke free. Ash trays are provided at the \u2018old\u2019entrance of the main building, at the centre of the main gravel square and at the grill area by the viewpoint.<\/p>\n<p><strong>Accidents and damages<\/strong><\/p>\n<p>Damages to the room, fixtures and fittings are charged directly on your bill.<\/p>\n<h3>VARIOUS METHODS OF TRAVEL TO KNAPPG\u00c5RDEN<\/h3>\n<p><strong>Train;<\/strong><\/p>\n<p>Stockholm to Mora<br \/>\nThere are several trains each dag Stockholm-Arlanda \u2013Mora<br \/>\nVisit <a href=\"http:\/\/www.sj.se\">www.sj.se<\/a> to book your ticket<\/p>\n<p><strong>Buss;<\/strong><br \/>\nFrom Mora to us (the bus stop is just by Knappg\u00e5rden)<br \/>\nBus number 104<br \/>\nVisit <a href=\"http:\/\/www.dalatrafik.se\">www.dalatrafik.se<\/a><\/p>\n<p>Fj\u00e4llexpressen runs from Stockholm, Malm\u00f6 and Gothenburg in the winter season.<\/p>\n<p>Fj\u00e4llexpressen has a stop in S\u00e4rna. Contact us if you wish to be picked up.<\/p>\n<p>Skiexpress with Interbus runs from Stockholm and Gothenburg in the winter season.<\/p>\n<p><em>Suggestion for car rental:<\/em><\/p>\n<p>Stockholm<br \/>\nArlanda airport<br \/>\n<a href=\"http:\/\/www.europcar.com\/location\/sweden\/stockholm\">Europcar<\/a><br \/>\n<a href=\"http:\/\/www.sixt.co.uk\/car-hire\/sweden\/stockholm\/stockholm-arlanda-airport\" target=\"_blank\" rel=\"noopener\">Sixt<\/a><\/p>\n<p>V\u00e4ster\u00e5s airport<br \/>\n<a href=\"http:\/\/www.europcar.com\/location\/sweden\/vasteras\/vasteras-airport\" target=\"_blank\" rel=\"noopener\">Europcar<\/a><br \/>\n<a href=\"http:\/\/www.sixt.com\/car-rental\/sweden\/vaesteras\/stockholm-vaesteras-airport\" target=\"_blank\" rel=\"noopener\">Sixt<\/a><\/p>\n<p>Mora car rental<br \/>\n<a href=\"http:\/\/www.europcar.com\/location\/sweden\/mora\" target=\"_blank\" rel=\"noopener\">Europcar<\/a><br \/>\n<a href=\"http:\/\/www.sixt.com\/car-rental\/sweden\/mora\" target=\"_blank\" rel=\"noopener\">Sixt<\/a><\/p>\n<p>Norge (Gardermoen airport)<br \/>\n<a href=\"http:\/\/www.europcar.com\/location\/norway\/gardermoen\">Europcar<\/a><br \/>\n<a href=\"http:\/\/www.sixt.com\/car-rental\/norway\/oslo\/oslo-gardermoen-airport\">Sixt<\/a><\/p>\n<\/div><\/section><\/p><\/div><div class=\"flex_column av_one_fifth  flex_column_div av-zero-column-padding   avia-builder-el-7  el_after_av_three_fifth  avia-builder-el-last  \" style='border-radius:0px; '><\/div><\/div><\/div><\/div><!-- close content main div --><\/div><\/div><div id='after_section_1'  class='main_color av_default_container_wrap container_wrap sidebar_right' style=' '  ><div class='container' ><div class='template-page content  av-content-small alpha units'><div class='post-entry post-entry-type-page post-entry-866'><div class='entry-content-wrapper clearfix'>\n","protected":false},"excerpt":{"rendered":"","protected":false},"author":2,"featured_media":714,"parent":0,"menu_order":0,"comment_status":"closed","ping_status":"closed","template":"","meta":{"footnotes":""},"class_list":["post-866","page","type-page","status-publish","has-post-thumbnail","hentry"],"yoast_head":"<!-- This site is optimized with the Yoast SEO plugin v25.1 - https:\/\/yoast.com\/wordpress\/plugins\/seo\/ -->\n<title>GUESTS INFORMATION - Knappg\u00e5rden Fj\u00e4llhotell<\/title>\n<meta name=\"robots\" content=\"index, follow, max-snippet:-1, max-image-preview:large, max-video-preview:-1\" \/>\n<link rel=\"canonical\" href=\"https:\/\/knappgarden.se\/en\/guests-information\/\" \/>\n<meta property=\"og:locale\" content=\"en_US\" \/>\n<meta property=\"og:type\" content=\"article\" \/>\n<meta property=\"og:title\" content=\"GUESTS INFORMATION - Knappg\u00e5rden Fj\u00e4llhotell\" \/>\n<meta property=\"og:url\" content=\"https:\/\/knappgarden.se\/en\/guests-information\/\" \/>\n<meta property=\"og:site_name\" content=\"Knappg\u00e5rden Fj\u00e4llhotell\" \/>\n<meta property=\"article:modified_time\" content=\"2022-02-15T09:36:05+00:00\" \/>\n<meta property=\"og:image\" content=\"https:\/\/knappgarden.se\/wp-content\/uploads\/2021\/12\/knappgarden-banner-1030x376.png\" \/>\n\t<meta property=\"og:image:width\" content=\"1030\" \/>\n\t<meta property=\"og:image:height\" content=\"376\" \/>\n\t<meta property=\"og:image:type\" content=\"image\/png\" \/>\n<meta name=\"twitter:card\" content=\"summary_large_image\" \/>\n<meta name=\"twitter:label1\" content=\"Est. reading time\" \/>\n\t<meta name=\"twitter:data1\" content=\"6 minutes\" \/>\n<script type=\"application\/ld+json\" class=\"yoast-schema-graph\">{\"@context\":\"https:\/\/schema.org\",\"@graph\":[{\"@type\":\"WebPage\",\"@id\":\"https:\/\/knappgarden.se\/en\/guests-information\/\",\"url\":\"https:\/\/knappgarden.se\/en\/guests-information\/\",\"name\":\"GUESTS INFORMATION - Knappg\u00e5rden Fj\u00e4llhotell\",\"isPartOf\":{\"@id\":\"https:\/\/knappgarden.se\/#website\"},\"primaryImageOfPage\":{\"@id\":\"https:\/\/knappgarden.se\/en\/guests-information\/#primaryimage\"},\"image\":{\"@id\":\"https:\/\/knappgarden.se\/en\/guests-information\/#primaryimage\"},\"thumbnailUrl\":\"https:\/\/knappgarden.se\/wp-content\/uploads\/2021\/12\/knappgarden-banner.png\",\"datePublished\":\"2021-12-06T11:30:29+00:00\",\"dateModified\":\"2022-02-15T09:36:05+00:00\",\"breadcrumb\":{\"@id\":\"https:\/\/knappgarden.se\/en\/guests-information\/#breadcrumb\"},\"inLanguage\":\"en-US\",\"potentialAction\":[{\"@type\":\"ReadAction\",\"target\":[\"https:\/\/knappgarden.se\/en\/guests-information\/\"]}]},{\"@type\":\"ImageObject\",\"inLanguage\":\"en-US\",\"@id\":\"https:\/\/knappgarden.se\/en\/guests-information\/#primaryimage\",\"url\":\"https:\/\/knappgarden.se\/wp-content\/uploads\/2021\/12\/knappgarden-banner.png\",\"contentUrl\":\"https:\/\/knappgarden.se\/wp-content\/uploads\/2021\/12\/knappgarden-banner.png\",\"width\":1920,\"height\":700},{\"@type\":\"BreadcrumbList\",\"@id\":\"https:\/\/knappgarden.se\/en\/guests-information\/#breadcrumb\",\"itemListElement\":[{\"@type\":\"ListItem\",\"position\":1,\"name\":\"Hem\",\"item\":\"https:\/\/knappgarden.se\/en\/hem\/\"},{\"@type\":\"ListItem\",\"position\":2,\"name\":\"GUESTS INFORMATION\"}]},{\"@type\":\"WebSite\",\"@id\":\"https:\/\/knappgarden.se\/#website\",\"url\":\"https:\/\/knappgarden.se\/\",\"name\":\"Knappg\u00e5rden Fj\u00e4llhotell\",\"description\":\"V\u00e4lkommen att bo och \u00e4ta gott i Norra Dalarnas Fj\u00e4llv\u00e4rld\",\"potentialAction\":[{\"@type\":\"SearchAction\",\"target\":{\"@type\":\"EntryPoint\",\"urlTemplate\":\"https:\/\/knappgarden.se\/?s={search_term_string}\"},\"query-input\":{\"@type\":\"PropertyValueSpecification\",\"valueRequired\":true,\"valueName\":\"search_term_string\"}}],\"inLanguage\":\"en-US\"}]}<\/script>\n<!-- \/ Yoast SEO plugin. -->","yoast_head_json":{"title":"GUESTS INFORMATION - Knappg\u00e5rden Fj\u00e4llhotell","robots":{"index":"index","follow":"follow","max-snippet":"max-snippet:-1","max-image-preview":"max-image-preview:large","max-video-preview":"max-video-preview:-1"},"canonical":"https:\/\/knappgarden.se\/en\/guests-information\/","og_locale":"en_US","og_type":"article","og_title":"GUESTS INFORMATION - Knappg\u00e5rden Fj\u00e4llhotell","og_url":"https:\/\/knappgarden.se\/en\/guests-information\/","og_site_name":"Knappg\u00e5rden Fj\u00e4llhotell","article_modified_time":"2022-02-15T09:36:05+00:00","og_image":[{"width":1030,"height":376,"url":"https:\/\/knappgarden.se\/wp-content\/uploads\/2021\/12\/knappgarden-banner-1030x376.png","type":"image\/png"}],"twitter_card":"summary_large_image","twitter_misc":{"Est. reading time":"6 minutes"},"schema":{"@context":"https:\/\/schema.org","@graph":[{"@type":"WebPage","@id":"https:\/\/knappgarden.se\/en\/guests-information\/","url":"https:\/\/knappgarden.se\/en\/guests-information\/","name":"GUESTS INFORMATION - Knappg\u00e5rden Fj\u00e4llhotell","isPartOf":{"@id":"https:\/\/knappgarden.se\/#website"},"primaryImageOfPage":{"@id":"https:\/\/knappgarden.se\/en\/guests-information\/#primaryimage"},"image":{"@id":"https:\/\/knappgarden.se\/en\/guests-information\/#primaryimage"},"thumbnailUrl":"https:\/\/knappgarden.se\/wp-content\/uploads\/2021\/12\/knappgarden-banner.png","datePublished":"2021-12-06T11:30:29+00:00","dateModified":"2022-02-15T09:36:05+00:00","breadcrumb":{"@id":"https:\/\/knappgarden.se\/en\/guests-information\/#breadcrumb"},"inLanguage":"en-US","potentialAction":[{"@type":"ReadAction","target":["https:\/\/knappgarden.se\/en\/guests-information\/"]}]},{"@type":"ImageObject","inLanguage":"en-US","@id":"https:\/\/knappgarden.se\/en\/guests-information\/#primaryimage","url":"https:\/\/knappgarden.se\/wp-content\/uploads\/2021\/12\/knappgarden-banner.png","contentUrl":"https:\/\/knappgarden.se\/wp-content\/uploads\/2021\/12\/knappgarden-banner.png","width":1920,"height":700},{"@type":"BreadcrumbList","@id":"https:\/\/knappgarden.se\/en\/guests-information\/#breadcrumb","itemListElement":[{"@type":"ListItem","position":1,"name":"Hem","item":"https:\/\/knappgarden.se\/en\/hem\/"},{"@type":"ListItem","position":2,"name":"GUESTS INFORMATION"}]},{"@type":"WebSite","@id":"https:\/\/knappgarden.se\/#website","url":"https:\/\/knappgarden.se\/","name":"Knappg\u00e5rden Fj\u00e4llhotell","description":"V\u00e4lkommen att bo och \u00e4ta gott i Norra Dalarnas Fj\u00e4llv\u00e4rld","potentialAction":[{"@type":"SearchAction","target":{"@type":"EntryPoint","urlTemplate":"https:\/\/knappgarden.se\/?s={search_term_string}"},"query-input":{"@type":"PropertyValueSpecification","valueRequired":true,"valueName":"search_term_string"}}],"inLanguage":"en-US"}]}},"_links":{"self":[{"href":"https:\/\/knappgarden.se\/en\/wp-json\/wp\/v2\/pages\/866","targetHints":{"allow":["GET"]}}],"collection":[{"href":"https:\/\/knappgarden.se\/en\/wp-json\/wp\/v2\/pages"}],"about":[{"href":"https:\/\/knappgarden.se\/en\/wp-json\/wp\/v2\/types\/page"}],"author":[{"embeddable":true,"href":"https:\/\/knappgarden.se\/en\/wp-json\/wp\/v2\/users\/2"}],"replies":[{"embeddable":true,"href":"https:\/\/knappgarden.se\/en\/wp-json\/wp\/v2\/comments?post=866"}],"version-history":[{"count":3,"href":"https:\/\/knappgarden.se\/en\/wp-json\/wp\/v2\/pages\/866\/revisions"}],"predecessor-version":[{"id":1002,"href":"https:\/\/knappgarden.se\/en\/wp-json\/wp\/v2\/pages\/866\/revisions\/1002"}],"wp:featuredmedia":[{"embeddable":true,"href":"https:\/\/knappgarden.se\/en\/wp-json\/wp\/v2\/media\/714"}],"wp:attachment":[{"href":"https:\/\/knappgarden.se\/en\/wp-json\/wp\/v2\/media?parent=866"}],"curies":[{"name":"wp","href":"https:\/\/api.w.org\/{rel}","templated":true}]}}