{"id":873,"date":"2021-12-06T12:54:10","date_gmt":"2021-12-06T11:54:10","guid":{"rendered":"https:\/\/knappgarden.se\/sommaraktiviteter-dalarna\/"},"modified":"2022-03-08T13:14:39","modified_gmt":"2022-03-08T12:14:39","slug":"summer-activities-in-dalarna","status":"publish","type":"page","link":"https:\/\/knappgarden.se\/en\/summer-activities-in-dalarna\/","title":{"rendered":"SUMMER ACTIVITIES IN DALARNA"},"content":{"rendered":"<div id='full_slider_1'  class='avia-fullwidth-slider main_color avia-shadow  av-small-hide av-mini-hide  avia-builder-el-0  el_before_av_slideshow_full  avia-builder-el-first   container_wrap sidebar_right' style=' '  ><div   data-size='featured_large'  data-lightbox_size='large'  data-animation='slide'  data-conditional_play=''  data-ids='546'  data-video_counter='0'  data-autoplay='false'  data-bg_slider='false'  data-slide_height=''  data-handle='av_slideshow_full'  data-interval='5'  data-class=' '  data-el_id=''  data-css_id=''  data-scroll_down=''  data-control_layout='av-control-default'  data-custom_markup=''  data-perma_caption=''  data-autoplay_stopper=''  data-image_attachment=''  data-min_height='0px'  data-lazy_loading='disabled'  data-src=''  data-position='top left'  data-repeat='no-repeat'  data-attach='scroll'  data-stretch=''  data-default-height='32.8125'  class='avia-slideshow avia-slideshow-1  av-control-default av-default-height-applied avia-slideshow-featured_large av_slideshow_full   avia-slide-slider '  itemprop=\"image\" itemscope=\"itemscope\" itemtype=\"https:\/\/schema.org\/ImageObject\" ><ul class='avia-slideshow-inner ' style='padding-bottom: 32.8125%;' ><li  class=' av-single-slide slide-1 ' ><div data-rel='slideshow-1' class='avia-slide-wrap '   ><img decoding=\"async\" class=\"wp-image-817 avia-img-lazy-loading-not-817\"  src=\"https:\/\/knappgarden.se\/wp-content\/uploads\/2022\/01\/sommaraktiviteter-banner-1920x630.png\" width=\"1920\" height=\"630\" title='sommaraktiviteter-banner' alt=''  itemprop=\"thumbnailUrl\" srcset=\"https:\/\/knappgarden.se\/wp-content\/uploads\/2022\/01\/sommaraktiviteter-banner.png 1920w, https:\/\/knappgarden.se\/wp-content\/uploads\/2022\/01\/sommaraktiviteter-banner-300x98.png 300w, https:\/\/knappgarden.se\/wp-content\/uploads\/2022\/01\/sommaraktiviteter-banner-1030x338.png 1030w, https:\/\/knappgarden.se\/wp-content\/uploads\/2022\/01\/sommaraktiviteter-banner-768x252.png 768w, https:\/\/knappgarden.se\/wp-content\/uploads\/2022\/01\/sommaraktiviteter-banner-1536x504.png 1536w, https:\/\/knappgarden.se\/wp-content\/uploads\/2022\/01\/sommaraktiviteter-banner-705x231.png 705w\" sizes=\"(max-width: 1920px) 100vw, 1920px\" \/><\/div><\/li><\/ul><\/div><\/div>\n<div id='full_slider_2'  class='avia-fullwidth-slider main_color avia-shadow  av-desktop-hide av-medium-hide  avia-builder-el-1  el_after_av_slideshow_full  el_before_av_section   slider-not-first container_wrap sidebar_right' style=' '  ><div   data-size='featured'  data-lightbox_size='large'  data-animation='slide'  data-conditional_play=''  data-ids='546'  data-video_counter='0'  data-autoplay='false'  data-bg_slider='false'  data-slide_height=''  data-handle='av_slideshow_full'  data-interval='5'  data-class=' '  data-el_id=''  data-css_id=''  data-scroll_down=''  data-control_layout='av-control-default'  data-custom_markup=''  data-perma_caption=''  data-autoplay_stopper=''  data-image_attachment=''  data-min_height='400px'  data-lazy_loading='disabled'  data-src=''  data-position='top left'  data-repeat='no-repeat'  data-attach='scroll'  data-stretch=''  data-default-height='22.395833333333'  class='avia-slideshow avia-slideshow-2  av-control-default av-default-height-applied avia-slideshow-featured av_slideshow_full   avia-slide-slider '  itemprop=\"image\" itemscope=\"itemscope\" itemtype=\"https:\/\/schema.org\/ImageObject\" ><ul class='avia-slideshow-inner ' style='padding-bottom: 22.395833333333%;' ><li  class=' av-single-slide slide-1 ' ><div data-rel='slideshow-2' class='avia-slide-wrap '   ><img decoding=\"async\" class=\"wp-image-817 avia-img-lazy-loading-not-817\"  src=\"https:\/\/knappgarden.se\/wp-content\/uploads\/2022\/01\/sommaraktiviteter-banner-1920x430.png\" width=\"1920\" height=\"430\" title='sommaraktiviteter-banner' alt=''  itemprop=\"thumbnailUrl\"  style='min-height:400px; min-width:1787px; ' \/><\/div><\/li><\/ul><\/div><\/div>\n<div id='av_section_1'  class='avia-section main_color avia-section-default avia-no-border-styling  avia-bg-style-scroll  avia-builder-el-2  el_after_av_slideshow_full  avia-builder-el-last   container_wrap sidebar_right' style=' '  ><div class='container' ><div class='template-page content  av-content-small alpha units'><div class='post-entry post-entry-type-page post-entry-873'><div class='entry-content-wrapper clearfix'>\n<div class=\"flex_column av_one_fifth  flex_column_div av-zero-column-padding first  avia-builder-el-3  el_before_av_three_fifth  avia-builder-el-first  \" style='border-radius:0px; '><\/div><div class=\"flex_column av_three_fifth  flex_column_div av-zero-column-padding   avia-builder-el-4  el_after_av_one_fifth  el_before_av_one_fifth  \" style='border-radius:0px; '><p><div  style='padding-bottom:0px; margin:0 0 0 0; ' class='av-special-heading av-special-heading-h1  blockquote modern-quote  avia-builder-el-5  el_before_av_textblock  avia-builder-el-first  '><h1 class='av-special-heading-tag '  itemprop=\"headline\"  >SUMMER ACTIVITIES IN DALARNA<\/h1><div class='special-heading-border'><div class='special-heading-inner-border' ><\/div><\/div><\/div><br \/>\n<section class=\"av_textblock_section \"  itemscope=\"itemscope\" itemtype=\"https:\/\/schema.org\/CreativeWork\" ><div class='avia_textblock  '   itemprop=\"text\" ><p>Here in northern Dalarna you can enjoy trekking in the mountains (or fj\u00e4lls), fresh mountain air, and the spectactular nature. There are summer activities in Dalarna for the most adventurous to the visitor looking for a more peaceful and quiet holiday.<\/p>\n<p>As a guest of the hotel we offer you free use of games such as badminton, boule and various other outdoor games. A few canoes and bicycles are also available , just ask in reception. Electric bikes can be rented as well as a boat on a trailer complete with oars and an outboard motor.<\/p>\n<p>Don&#8217;t forget the simple enjoyment of just \u2018being here\u2019. Bring a good book and sit at one of our seats with a view. Walk into the nearby forest, pick berries and just savour being on holiday at Knappg\u00e5rden.<\/p>\n<h2>OUR BEST TIPS ON SUMMER ACTIVITIES IN DALARNA:<\/h2>\n<ul>\n<li>Walk in fj\u00e4lls and forests.<\/li>\n<li>Fj\u00e4ll golf at Idre Golf course, which is one of Sweden\u2019s most beautiful golf courses. Read more about it on <a href=\"http:\/\/www.idregolf.se\">idregolf.se<\/a>.<\/li>\n<li>Climb St\u00e4djan, the iconic mountain for northern Dalarna. It is a comparatively easy mountain to reach and walk and when you get to the top you are 1131 meters above sea level.<\/li>\n<li>Drive on Nipfj\u00e4llst, Sweden\u2019s highest road and experience the magic of Trollv\u00e4gen ( Troll road).<\/li>\n<li>Fish , swim and paddle a conoe. S\u00e4rnsj\u00f6n is close to the hotel. We sell both fishing permits and fishing maps.<\/li>\n<li>Visit Lomk\u00e4llan , a Forest and Defence museum located between the hotel and S\u00e4rna. More information in the reception of Lomk\u00e4llan.<\/li>\n<li>S\u00e4rna Local History Society (S\u00e4rna hembygdsf\u00f6rening).<\/li>\n<li>Visit Fulufj\u00e4llets National Park with \u2018Old Tjikko\u2019, the oldest tree in the world and Njupesk\u00e4r Sweden\u2019s highest water fall . Read more about Fulufj\u00e4llet National Park.<\/li>\n<li>Visit the kennels of huskies see <a href=\"http:\/\/www.polar-passion.se\">polar-passion.se<\/a> or <a href=\"http:\/\/www.sledding.se\">sledding.se<\/a><\/li>\n<\/ul>\n<p>For more recommendations of local activites and tourist attractions please see us in reception and we will tell you more and provide suggestions, maps and brochures.<\/p>\n<h3>HERE YOU FIND MORE PAGES WITH SUGGESTIONS FOR WALK AND ATTRACTIONS IN THE AREA:<\/h3>\n<p><a href=\"http:\/\/www.gardsio.se\/\" target=\"_blank\" rel=\"noopener\">Gardsio<\/a><\/p>\n<p><a href=\"http:\/\/www.sarnaturism.se\/\" target=\"_blank\" rel=\"noopener\">S\u00e4rnaturism<\/a><\/p>\n<p><a href=\"https:\/\/www.visitdalarna.se\/idre\">Visitidre<\/a><\/p>\n<p><a href=\"http:\/\/www.happyalvdalen.se\/\" target=\"_blank\" rel=\"noopener\">Happy \u00c4lvdalen<\/a><\/p>\n<\/div><\/section><\/p><\/div><div class=\"flex_column av_one_fifth  flex_column_div av-zero-column-padding   avia-builder-el-7  el_after_av_three_fifth  avia-builder-el-last  \" style='border-radius:0px; '><\/div><\/div><\/div><\/div><!-- close content main div --><\/div><\/div><div id='after_section_1'  class='main_color av_default_container_wrap container_wrap sidebar_right' style=' '  ><div class='container' ><div class='template-page content  av-content-small alpha units'><div class='post-entry post-entry-type-page post-entry-873'><div class='entry-content-wrapper clearfix'>\n","protected":false},"excerpt":{"rendered":"","protected":false},"author":2,"featured_media":759,"parent":0,"menu_order":0,"comment_status":"closed","ping_status":"closed","template":"","meta":{"footnotes":""},"class_list":["post-873","page","type-page","status-publish","has-post-thumbnail","hentry"],"yoast_head":"<!-- This site is optimized with the Yoast SEO plugin v25.1 - https:\/\/yoast.com\/wordpress\/plugins\/seo\/ -->\n<title>SUMMER ACTIVITIES IN DALARNA - Knappg\u00e5rden Fj\u00e4llhotell<\/title>\n<meta name=\"description\" content=\"There are summer activities in Dalarna for the most adventurous to the visitor looking for a more peaceful and quiet holiday.\" \/>\n<meta name=\"robots\" content=\"index, follow, max-snippet:-1, max-image-preview:large, max-video-preview:-1\" \/>\n<link rel=\"canonical\" href=\"https:\/\/knappgarden.se\/en\/summer-activities-in-dalarna\/\" \/>\n<meta property=\"og:locale\" content=\"en_US\" \/>\n<meta property=\"og:type\" content=\"article\" \/>\n<meta property=\"og:title\" content=\"SUMMER ACTIVITIES IN DALARNA - Knappg\u00e5rden Fj\u00e4llhotell\" \/>\n<meta property=\"og:description\" content=\"There are summer activities in Dalarna for the most adventurous to the visitor looking for a more peaceful and quiet holiday.\" \/>\n<meta property=\"og:url\" content=\"https:\/\/knappgarden.se\/en\/summer-activities-in-dalarna\/\" \/>\n<meta property=\"og:site_name\" content=\"Knappg\u00e5rden Fj\u00e4llhotell\" \/>\n<meta property=\"article:modified_time\" content=\"2022-03-08T12:14:39+00:00\" \/>\n<meta property=\"og:image\" content=\"https:\/\/knappgarden.se\/wp-content\/uploads\/2022\/01\/IMG_0181-773x1030.jpg\" \/>\n\t<meta property=\"og:image:width\" content=\"773\" \/>\n\t<meta property=\"og:image:height\" content=\"1030\" \/>\n\t<meta property=\"og:image:type\" content=\"image\/jpeg\" \/>\n<meta name=\"twitter:card\" content=\"summary_large_image\" \/>\n<meta name=\"twitter:label1\" content=\"Est. reading time\" \/>\n\t<meta name=\"twitter:data1\" content=\"4 minutes\" \/>\n<script type=\"application\/ld+json\" class=\"yoast-schema-graph\">{\"@context\":\"https:\/\/schema.org\",\"@graph\":[{\"@type\":\"WebPage\",\"@id\":\"https:\/\/knappgarden.se\/en\/summer-activities-in-dalarna\/\",\"url\":\"https:\/\/knappgarden.se\/en\/summer-activities-in-dalarna\/\",\"name\":\"SUMMER ACTIVITIES IN DALARNA - Knappg\u00e5rden Fj\u00e4llhotell\",\"isPartOf\":{\"@id\":\"https:\/\/knappgarden.se\/#website\"},\"primaryImageOfPage\":{\"@id\":\"https:\/\/knappgarden.se\/en\/summer-activities-in-dalarna\/#primaryimage\"},\"image\":{\"@id\":\"https:\/\/knappgarden.se\/en\/summer-activities-in-dalarna\/#primaryimage\"},\"thumbnailUrl\":\"https:\/\/knappgarden.se\/wp-content\/uploads\/2022\/01\/IMG_0181-scaled.jpg\",\"datePublished\":\"2021-12-06T11:54:10+00:00\",\"dateModified\":\"2022-03-08T12:14:39+00:00\",\"description\":\"There are summer activities in Dalarna for the most adventurous to the visitor looking for a more peaceful and quiet holiday.\",\"breadcrumb\":{\"@id\":\"https:\/\/knappgarden.se\/en\/summer-activities-in-dalarna\/#breadcrumb\"},\"inLanguage\":\"en-US\",\"potentialAction\":[{\"@type\":\"ReadAction\",\"target\":[\"https:\/\/knappgarden.se\/en\/summer-activities-in-dalarna\/\"]}]},{\"@type\":\"ImageObject\",\"inLanguage\":\"en-US\",\"@id\":\"https:\/\/knappgarden.se\/en\/summer-activities-in-dalarna\/#primaryimage\",\"url\":\"https:\/\/knappgarden.se\/wp-content\/uploads\/2022\/01\/IMG_0181-scaled.jpg\",\"contentUrl\":\"https:\/\/knappgarden.se\/wp-content\/uploads\/2022\/01\/IMG_0181-scaled.jpg\",\"width\":1920,\"height\":2560},{\"@type\":\"BreadcrumbList\",\"@id\":\"https:\/\/knappgarden.se\/en\/summer-activities-in-dalarna\/#breadcrumb\",\"itemListElement\":[{\"@type\":\"ListItem\",\"position\":1,\"name\":\"Hem\",\"item\":\"https:\/\/knappgarden.se\/en\/hem\/\"},{\"@type\":\"ListItem\",\"position\":2,\"name\":\"SUMMER ACTIVITIES IN DALARNA\"}]},{\"@type\":\"WebSite\",\"@id\":\"https:\/\/knappgarden.se\/#website\",\"url\":\"https:\/\/knappgarden.se\/\",\"name\":\"Knappg\u00e5rden Fj\u00e4llhotell\",\"description\":\"V\u00e4lkommen att bo och \u00e4ta gott i Norra Dalarnas Fj\u00e4llv\u00e4rld\",\"potentialAction\":[{\"@type\":\"SearchAction\",\"target\":{\"@type\":\"EntryPoint\",\"urlTemplate\":\"https:\/\/knappgarden.se\/?s={search_term_string}\"},\"query-input\":{\"@type\":\"PropertyValueSpecification\",\"valueRequired\":true,\"valueName\":\"search_term_string\"}}],\"inLanguage\":\"en-US\"}]}<\/script>\n<!-- \/ Yoast SEO plugin. -->","yoast_head_json":{"title":"SUMMER ACTIVITIES IN DALARNA - Knappg\u00e5rden Fj\u00e4llhotell","description":"There are summer activities in Dalarna for the most adventurous to the visitor looking for a more peaceful and quiet holiday.","robots":{"index":"index","follow":"follow","max-snippet":"max-snippet:-1","max-image-preview":"max-image-preview:large","max-video-preview":"max-video-preview:-1"},"canonical":"https:\/\/knappgarden.se\/en\/summer-activities-in-dalarna\/","og_locale":"en_US","og_type":"article","og_title":"SUMMER ACTIVITIES IN DALARNA - Knappg\u00e5rden Fj\u00e4llhotell","og_description":"There are summer activities in Dalarna for the most adventurous to the visitor looking for a more peaceful and quiet holiday.","og_url":"https:\/\/knappgarden.se\/en\/summer-activities-in-dalarna\/","og_site_name":"Knappg\u00e5rden Fj\u00e4llhotell","article_modified_time":"2022-03-08T12:14:39+00:00","og_image":[{"width":773,"height":1030,"url":"https:\/\/knappgarden.se\/wp-content\/uploads\/2022\/01\/IMG_0181-773x1030.jpg","type":"image\/jpeg"}],"twitter_card":"summary_large_image","twitter_misc":{"Est. reading time":"4 minutes"},"schema":{"@context":"https:\/\/schema.org","@graph":[{"@type":"WebPage","@id":"https:\/\/knappgarden.se\/en\/summer-activities-in-dalarna\/","url":"https:\/\/knappgarden.se\/en\/summer-activities-in-dalarna\/","name":"SUMMER ACTIVITIES IN DALARNA - Knappg\u00e5rden Fj\u00e4llhotell","isPartOf":{"@id":"https:\/\/knappgarden.se\/#website"},"primaryImageOfPage":{"@id":"https:\/\/knappgarden.se\/en\/summer-activities-in-dalarna\/#primaryimage"},"image":{"@id":"https:\/\/knappgarden.se\/en\/summer-activities-in-dalarna\/#primaryimage"},"thumbnailUrl":"https:\/\/knappgarden.se\/wp-content\/uploads\/2022\/01\/IMG_0181-scaled.jpg","datePublished":"2021-12-06T11:54:10+00:00","dateModified":"2022-03-08T12:14:39+00:00","description":"There are summer activities in Dalarna for the most adventurous to the visitor looking for a more peaceful and quiet holiday.","breadcrumb":{"@id":"https:\/\/knappgarden.se\/en\/summer-activities-in-dalarna\/#breadcrumb"},"inLanguage":"en-US","potentialAction":[{"@type":"ReadAction","target":["https:\/\/knappgarden.se\/en\/summer-activities-in-dalarna\/"]}]},{"@type":"ImageObject","inLanguage":"en-US","@id":"https:\/\/knappgarden.se\/en\/summer-activities-in-dalarna\/#primaryimage","url":"https:\/\/knappgarden.se\/wp-content\/uploads\/2022\/01\/IMG_0181-scaled.jpg","contentUrl":"https:\/\/knappgarden.se\/wp-content\/uploads\/2022\/01\/IMG_0181-scaled.jpg","width":1920,"height":2560},{"@type":"BreadcrumbList","@id":"https:\/\/knappgarden.se\/en\/summer-activities-in-dalarna\/#breadcrumb","itemListElement":[{"@type":"ListItem","position":1,"name":"Hem","item":"https:\/\/knappgarden.se\/en\/hem\/"},{"@type":"ListItem","position":2,"name":"SUMMER ACTIVITIES IN DALARNA"}]},{"@type":"WebSite","@id":"https:\/\/knappgarden.se\/#website","url":"https:\/\/knappgarden.se\/","name":"Knappg\u00e5rden Fj\u00e4llhotell","description":"V\u00e4lkommen att bo och \u00e4ta gott i Norra Dalarnas Fj\u00e4llv\u00e4rld","potentialAction":[{"@type":"SearchAction","target":{"@type":"EntryPoint","urlTemplate":"https:\/\/knappgarden.se\/?s={search_term_string}"},"query-input":{"@type":"PropertyValueSpecification","valueRequired":true,"valueName":"search_term_string"}}],"inLanguage":"en-US"}]}},"_links":{"self":[{"href":"https:\/\/knappgarden.se\/en\/wp-json\/wp\/v2\/pages\/873","targetHints":{"allow":["GET"]}}],"collection":[{"href":"https:\/\/knappgarden.se\/en\/wp-json\/wp\/v2\/pages"}],"about":[{"href":"https:\/\/knappgarden.se\/en\/wp-json\/wp\/v2\/types\/page"}],"author":[{"embeddable":true,"href":"https:\/\/knappgarden.se\/en\/wp-json\/wp\/v2\/users\/2"}],"replies":[{"embeddable":true,"href":"https:\/\/knappgarden.se\/en\/wp-json\/wp\/v2\/comments?post=873"}],"version-history":[{"count":3,"href":"https:\/\/knappgarden.se\/en\/wp-json\/wp\/v2\/pages\/873\/revisions"}],"predecessor-version":[{"id":1134,"href":"https:\/\/knappgarden.se\/en\/wp-json\/wp\/v2\/pages\/873\/revisions\/1134"}],"wp:featuredmedia":[{"embeddable":true,"href":"https:\/\/knappgarden.se\/en\/wp-json\/wp\/v2\/media\/759"}],"wp:attachment":[{"href":"https:\/\/knappgarden.se\/en\/wp-json\/wp\/v2\/media?parent=873"}],"curies":[{"name":"wp","href":"https:\/\/api.w.org\/{rel}","templated":true}]}}