{"id":878,"date":"2021-12-06T12:54:15","date_gmt":"2021-12-06T11:54:15","guid":{"rendered":"https:\/\/knappgarden.se\/vinteraktiviteter-dalarna\/"},"modified":"2022-03-08T13:12:58","modified_gmt":"2022-03-08T12:12:58","slug":"winter-activities-in-dalarna","status":"publish","type":"page","link":"https:\/\/knappgarden.se\/en\/winter-activities-in-dalarna\/","title":{"rendered":"WINTER ACTIVITIES IN DALARNA"},"content":{"rendered":"<div id='full_slider_1'  class='avia-fullwidth-slider main_color avia-shadow  av-small-hide av-mini-hide  avia-builder-el-0  el_before_av_slideshow_full  avia-builder-el-first   container_wrap sidebar_right' style=' '  ><div   data-size='featured_large'  data-lightbox_size='large'  data-animation='slide'  data-conditional_play=''  data-ids='549'  data-video_counter='0'  data-autoplay='false'  data-bg_slider='false'  data-slide_height=''  data-handle='av_slideshow_full'  data-interval='5'  data-class=' '  data-el_id=''  data-css_id=''  data-scroll_down=''  data-control_layout='av-control-default'  data-custom_markup=''  data-perma_caption=''  data-autoplay_stopper=''  data-image_attachment=''  data-min_height='0px'  data-lazy_loading='disabled'  data-src=''  data-position='top left'  data-repeat='no-repeat'  data-attach='scroll'  data-stretch=''  data-default-height='32.8125'  class='avia-slideshow avia-slideshow-1  av-control-default av-default-height-applied avia-slideshow-featured_large av_slideshow_full   avia-slide-slider '  itemprop=\"image\" itemscope=\"itemscope\" itemtype=\"https:\/\/schema.org\/ImageObject\" ><ul class='avia-slideshow-inner ' style='padding-bottom: 32.8125%;' ><li  class=' av-single-slide slide-1 ' ><div data-rel='slideshow-1' class='avia-slide-wrap '   ><img decoding=\"async\" class=\"wp-image-818 avia-img-lazy-loading-not-818\"  src=\"https:\/\/knappgarden.se\/wp-content\/uploads\/2022\/01\/vinteraktiviteter-banner-1920x630.png\" width=\"1920\" height=\"630\" title='vinteraktiviteter-banner' alt=''  itemprop=\"thumbnailUrl\" srcset=\"https:\/\/knappgarden.se\/wp-content\/uploads\/2022\/01\/vinteraktiviteter-banner.png 1920w, https:\/\/knappgarden.se\/wp-content\/uploads\/2022\/01\/vinteraktiviteter-banner-300x98.png 300w, https:\/\/knappgarden.se\/wp-content\/uploads\/2022\/01\/vinteraktiviteter-banner-1030x338.png 1030w, https:\/\/knappgarden.se\/wp-content\/uploads\/2022\/01\/vinteraktiviteter-banner-768x252.png 768w, https:\/\/knappgarden.se\/wp-content\/uploads\/2022\/01\/vinteraktiviteter-banner-1536x504.png 1536w, https:\/\/knappgarden.se\/wp-content\/uploads\/2022\/01\/vinteraktiviteter-banner-705x231.png 705w\" sizes=\"(max-width: 1920px) 100vw, 1920px\" \/><\/div><\/li><\/ul><\/div><\/div>\n<div id='full_slider_2'  class='avia-fullwidth-slider main_color avia-shadow  av-desktop-hide av-medium-hide  avia-builder-el-1  el_after_av_slideshow_full  el_before_av_section   slider-not-first container_wrap sidebar_right' style=' '  ><div   data-size='featured'  data-lightbox_size='large'  data-animation='slide'  data-conditional_play=''  data-ids='549'  data-video_counter='0'  data-autoplay='false'  data-bg_slider='false'  data-slide_height=''  data-handle='av_slideshow_full'  data-interval='5'  data-class=' '  data-el_id=''  data-css_id=''  data-scroll_down=''  data-control_layout='av-control-default'  data-custom_markup=''  data-perma_caption=''  data-autoplay_stopper=''  data-image_attachment=''  data-min_height='400px'  data-lazy_loading='disabled'  data-src=''  data-position='top left'  data-repeat='no-repeat'  data-attach='scroll'  data-stretch=''  data-default-height='22.395833333333'  class='avia-slideshow avia-slideshow-2  av-control-default av-default-height-applied avia-slideshow-featured av_slideshow_full   avia-slide-slider '  itemprop=\"image\" itemscope=\"itemscope\" itemtype=\"https:\/\/schema.org\/ImageObject\" ><ul class='avia-slideshow-inner ' style='padding-bottom: 22.395833333333%;' ><li  class=' av-single-slide slide-1 ' ><div data-rel='slideshow-2' class='avia-slide-wrap '   ><img decoding=\"async\" class=\"wp-image-818 avia-img-lazy-loading-not-818\"  src=\"https:\/\/knappgarden.se\/wp-content\/uploads\/2022\/01\/vinteraktiviteter-banner-1920x430.png\" width=\"1920\" height=\"430\" title='vinteraktiviteter-banner' alt=''  itemprop=\"thumbnailUrl\"  style='min-height:400px; min-width:1787px; ' \/><\/div><\/li><\/ul><\/div><\/div>\n<div id='av_section_1'  class='avia-section main_color avia-section-default avia-no-border-styling  avia-bg-style-scroll  avia-builder-el-2  el_after_av_slideshow_full  avia-builder-el-last   container_wrap sidebar_right' style=' '  ><div class='container' ><div class='template-page content  av-content-small alpha units'><div class='post-entry post-entry-type-page post-entry-878'><div class='entry-content-wrapper clearfix'>\n<div class=\"flex_column av_one_fifth  flex_column_div av-zero-column-padding first  avia-builder-el-3  el_before_av_three_fifth  avia-builder-el-first  \" style='border-radius:0px; '><\/div><div class=\"flex_column av_three_fifth  flex_column_div av-zero-column-padding   avia-builder-el-4  el_after_av_one_fifth  el_before_av_one_fifth  \" style='border-radius:0px; '><p><div  style='padding-bottom:0px; margin:0 0 0 0; ' class='av-special-heading av-special-heading-h1  blockquote modern-quote  avia-builder-el-5  el_before_av_textblock  avia-builder-el-first  '><h1 class='av-special-heading-tag '  itemprop=\"headline\"  >WINTER ACTIVITIES IN DALARNA<\/h1><div class='special-heading-border'><div class='special-heading-inner-border' ><\/div><\/div><\/div><br \/>\n<section class=\"av_textblock_section \"  itemscope=\"itemscope\" itemtype=\"https:\/\/schema.org\/CreativeWork\" ><div class='avia_textblock  '   itemprop=\"text\" ><p>Here at S\u00e4rnaheden you really can enjoy a proper winter! There is lots to do in and around the immidiate vicinity and you also have fun and adrealine filled winter activities around the corner.<\/p>\n<p>Put you booths into cross country skiis and you can start skiing straight from the hotel door. You are free to use the snow mobile tracks, but there are prepared ski tracks usually from the end of January from S\u00e4rnaheden to S\u00e4rna.<\/p>\n<p>Several snow mobile tracks cross at S\u00e4rnaheden and you can park your snow mobile outside your bedroom window. Borrow a \u2018kick\u2019 , toboggan or snow shoes and enjoy snow and winter. In the evenings you can relax using our games room or luxuriate in a warming sauna. It is of course OK to just enjoy staying at Knappg\u00e5rden and its surroundings.<\/p>\n<h3>HERE ARE SOME OF OUR PERSONAL FAVOURITES FOR WINTER ACTIVITIES IN DALARNA:<\/h3>\n<ul>\n<li>Skiing alpine, cross country, telemark and Nordic skiing at Idre Fj\u00e4ll, Fj\u00e4terv\u00e5len and Idre Himmelfj\u00e4ll is about 30 mins by car from here. Mickeltemplet in S\u00e4rna offers evening \u2018lit\u2019 skiing on a smaller slope.<\/li>\n<li>Prepared ski tracks for Nordic skiing are found at all the the alpine ski resorts and at Kringelfjorden\u2019s holiday village about 4 km from Knappg\u00e5rden. We also usually have tracks from Knappg\u00e5rden itself.<\/li>\n<li>For dog sledding Adventure Dreams do tours at Idre Fj\u00e4ll or book with Ulrika at S\u00e4lens Hund &amp; aktivitet, sledding.se. Ulrika does tours from St\u00f6ten and Kl\u00e4ppen in S\u00e4len, but will sometimes come closer for a tour as she lives in H\u00e5llbovallen 20 km or so km south of S\u00e4rna. Longer tours with overnight can also be arranged . Fj\u00e4ll\u00e4ventyr in S\u00e4len also arrange longer dog sledding , some with sleep-over at Fulufj\u00e4llet. In S\u00e4rna Nicolas does dog sledding see <a href=\"http:\/\/www.polar-passion.se\">polar-passion.se<\/a>.<\/li>\n<li>For snow mobile safari with guide book a guided tour with idreadventure, <a href=\"http:\/\/www.skoteraventyr.se\">skoteraventyr.se<\/a> or <a href=\"http:\/\/www.sarnaskoteraventyr.se\">sarnaskoteraventyr.se<\/a><\/li>\n<li>Snow moblie rentals: Stefan Wall in S\u00e4rna <a href=\"tel:+46730855602\">073-0855602<\/a>, Vidar \u00c5s in Norn\u00e4s <a href=\"tel:+4792265119\">+4792265119<\/a> and Idreskoter. See more about the tracks you may use at Knappg\u00e5rden with <a href=\"http:\/\/www.sond.se\">Sond.se<\/a><\/li>\n<li>Ice fishing on the nearby lakes. We will lend you the right equipment. We sell fishing permits.<\/li>\n<li>Fulufj\u00e4llet National Park, see Swedens highest ice sculpture &#8211; Njupesk\u00e4r waterfall.<\/li>\n<li>For horse drawn sledge rides contact Lena and Pierre in \u00d6stomsj\u00f6n, S\u00e4rna tel <a href=\"tel:46705544902\">070-5544902<\/a><\/li>\n<li>For more recommendations regarding local winter activities and places to see in Dalarna we are always ready with suggestions, maps and brochures.<\/li>\n<\/ul>\n<\/div><\/section><\/p><\/div><div class=\"flex_column av_one_fifth  flex_column_div av-zero-column-padding   avia-builder-el-7  el_after_av_three_fifth  avia-builder-el-last  \" style='border-radius:0px; '><\/div><\/div><\/div><\/div><!-- close content main div --><\/div><\/div><div id='after_section_1'  class='main_color av_default_container_wrap container_wrap sidebar_right' style=' '  ><div class='container' ><div class='template-page content  av-content-small alpha units'><div class='post-entry post-entry-type-page post-entry-878'><div class='entry-content-wrapper clearfix'>\n","protected":false},"excerpt":{"rendered":"","protected":false},"author":2,"featured_media":813,"parent":0,"menu_order":0,"comment_status":"closed","ping_status":"closed","template":"","meta":{"footnotes":""},"class_list":["post-878","page","type-page","status-publish","has-post-thumbnail","hentry"],"yoast_head":"<!-- This site is optimized with the Yoast SEO plugin v25.1 - https:\/\/yoast.com\/wordpress\/plugins\/seo\/ -->\n<title>WINTER ACTIVITIES IN DALARNA - Knappg\u00e5rden Fj\u00e4llhotell<\/title>\n<meta name=\"description\" content=\"Winter activities in Dalarna. Here at S\u00e4rnaheden you really can enjoy a proper winter! There is lots to do in and around the immidiate vicinity.\" \/>\n<meta name=\"robots\" content=\"index, follow, max-snippet:-1, max-image-preview:large, max-video-preview:-1\" \/>\n<link rel=\"canonical\" href=\"https:\/\/knappgarden.se\/en\/winter-activities-in-dalarna\/\" \/>\n<meta property=\"og:locale\" content=\"en_US\" \/>\n<meta property=\"og:type\" content=\"article\" \/>\n<meta property=\"og:title\" content=\"WINTER ACTIVITIES IN DALARNA - Knappg\u00e5rden Fj\u00e4llhotell\" \/>\n<meta property=\"og:description\" content=\"Winter activities in Dalarna. Here at S\u00e4rnaheden you really can enjoy a proper winter! There is lots to do in and around the immidiate vicinity.\" \/>\n<meta property=\"og:url\" content=\"https:\/\/knappgarden.se\/en\/winter-activities-in-dalarna\/\" \/>\n<meta property=\"og:site_name\" content=\"Knappg\u00e5rden Fj\u00e4llhotell\" \/>\n<meta property=\"article:modified_time\" content=\"2022-03-08T12:12:58+00:00\" \/>\n<meta property=\"og:image\" content=\"https:\/\/knappgarden.se\/wp-content\/uploads\/2022\/01\/IMG_9512-1030x773.jpg\" \/>\n\t<meta property=\"og:image:width\" content=\"1030\" \/>\n\t<meta property=\"og:image:height\" content=\"773\" \/>\n\t<meta property=\"og:image:type\" content=\"image\/jpeg\" \/>\n<meta name=\"twitter:card\" content=\"summary_large_image\" \/>\n<meta name=\"twitter:label1\" content=\"Est. reading time\" \/>\n\t<meta name=\"twitter:data1\" content=\"4 minutes\" \/>\n<script type=\"application\/ld+json\" class=\"yoast-schema-graph\">{\"@context\":\"https:\/\/schema.org\",\"@graph\":[{\"@type\":\"WebPage\",\"@id\":\"https:\/\/knappgarden.se\/en\/winter-activities-in-dalarna\/\",\"url\":\"https:\/\/knappgarden.se\/en\/winter-activities-in-dalarna\/\",\"name\":\"WINTER ACTIVITIES IN DALARNA - Knappg\u00e5rden Fj\u00e4llhotell\",\"isPartOf\":{\"@id\":\"https:\/\/knappgarden.se\/#website\"},\"primaryImageOfPage\":{\"@id\":\"https:\/\/knappgarden.se\/en\/winter-activities-in-dalarna\/#primaryimage\"},\"image\":{\"@id\":\"https:\/\/knappgarden.se\/en\/winter-activities-in-dalarna\/#primaryimage\"},\"thumbnailUrl\":\"https:\/\/knappgarden.se\/wp-content\/uploads\/2022\/01\/IMG_9512-scaled.jpg\",\"datePublished\":\"2021-12-06T11:54:15+00:00\",\"dateModified\":\"2022-03-08T12:12:58+00:00\",\"description\":\"Winter activities in Dalarna. Here at S\u00e4rnaheden you really can enjoy a proper winter! There is lots to do in and around the immidiate vicinity.\",\"breadcrumb\":{\"@id\":\"https:\/\/knappgarden.se\/en\/winter-activities-in-dalarna\/#breadcrumb\"},\"inLanguage\":\"en-US\",\"potentialAction\":[{\"@type\":\"ReadAction\",\"target\":[\"https:\/\/knappgarden.se\/en\/winter-activities-in-dalarna\/\"]}]},{\"@type\":\"ImageObject\",\"inLanguage\":\"en-US\",\"@id\":\"https:\/\/knappgarden.se\/en\/winter-activities-in-dalarna\/#primaryimage\",\"url\":\"https:\/\/knappgarden.se\/wp-content\/uploads\/2022\/01\/IMG_9512-scaled.jpg\",\"contentUrl\":\"https:\/\/knappgarden.se\/wp-content\/uploads\/2022\/01\/IMG_9512-scaled.jpg\",\"width\":2560,\"height\":1920},{\"@type\":\"BreadcrumbList\",\"@id\":\"https:\/\/knappgarden.se\/en\/winter-activities-in-dalarna\/#breadcrumb\",\"itemListElement\":[{\"@type\":\"ListItem\",\"position\":1,\"name\":\"Hem\",\"item\":\"https:\/\/knappgarden.se\/en\/hem\/\"},{\"@type\":\"ListItem\",\"position\":2,\"name\":\"WINTER ACTIVITIES IN DALARNA\"}]},{\"@type\":\"WebSite\",\"@id\":\"https:\/\/knappgarden.se\/#website\",\"url\":\"https:\/\/knappgarden.se\/\",\"name\":\"Knappg\u00e5rden Fj\u00e4llhotell\",\"description\":\"V\u00e4lkommen att bo och \u00e4ta gott i Norra Dalarnas Fj\u00e4llv\u00e4rld\",\"potentialAction\":[{\"@type\":\"SearchAction\",\"target\":{\"@type\":\"EntryPoint\",\"urlTemplate\":\"https:\/\/knappgarden.se\/?s={search_term_string}\"},\"query-input\":{\"@type\":\"PropertyValueSpecification\",\"valueRequired\":true,\"valueName\":\"search_term_string\"}}],\"inLanguage\":\"en-US\"}]}<\/script>\n<!-- \/ Yoast SEO plugin. -->","yoast_head_json":{"title":"WINTER ACTIVITIES IN DALARNA - Knappg\u00e5rden Fj\u00e4llhotell","description":"Winter activities in Dalarna. Here at S\u00e4rnaheden you really can enjoy a proper winter! There is lots to do in and around the immidiate vicinity.","robots":{"index":"index","follow":"follow","max-snippet":"max-snippet:-1","max-image-preview":"max-image-preview:large","max-video-preview":"max-video-preview:-1"},"canonical":"https:\/\/knappgarden.se\/en\/winter-activities-in-dalarna\/","og_locale":"en_US","og_type":"article","og_title":"WINTER ACTIVITIES IN DALARNA - Knappg\u00e5rden Fj\u00e4llhotell","og_description":"Winter activities in Dalarna. Here at S\u00e4rnaheden you really can enjoy a proper winter! There is lots to do in and around the immidiate vicinity.","og_url":"https:\/\/knappgarden.se\/en\/winter-activities-in-dalarna\/","og_site_name":"Knappg\u00e5rden Fj\u00e4llhotell","article_modified_time":"2022-03-08T12:12:58+00:00","og_image":[{"width":1030,"height":773,"url":"https:\/\/knappgarden.se\/wp-content\/uploads\/2022\/01\/IMG_9512-1030x773.jpg","type":"image\/jpeg"}],"twitter_card":"summary_large_image","twitter_misc":{"Est. reading time":"4 minutes"},"schema":{"@context":"https:\/\/schema.org","@graph":[{"@type":"WebPage","@id":"https:\/\/knappgarden.se\/en\/winter-activities-in-dalarna\/","url":"https:\/\/knappgarden.se\/en\/winter-activities-in-dalarna\/","name":"WINTER ACTIVITIES IN DALARNA - Knappg\u00e5rden Fj\u00e4llhotell","isPartOf":{"@id":"https:\/\/knappgarden.se\/#website"},"primaryImageOfPage":{"@id":"https:\/\/knappgarden.se\/en\/winter-activities-in-dalarna\/#primaryimage"},"image":{"@id":"https:\/\/knappgarden.se\/en\/winter-activities-in-dalarna\/#primaryimage"},"thumbnailUrl":"https:\/\/knappgarden.se\/wp-content\/uploads\/2022\/01\/IMG_9512-scaled.jpg","datePublished":"2021-12-06T11:54:15+00:00","dateModified":"2022-03-08T12:12:58+00:00","description":"Winter activities in Dalarna. Here at S\u00e4rnaheden you really can enjoy a proper winter! There is lots to do in and around the immidiate vicinity.","breadcrumb":{"@id":"https:\/\/knappgarden.se\/en\/winter-activities-in-dalarna\/#breadcrumb"},"inLanguage":"en-US","potentialAction":[{"@type":"ReadAction","target":["https:\/\/knappgarden.se\/en\/winter-activities-in-dalarna\/"]}]},{"@type":"ImageObject","inLanguage":"en-US","@id":"https:\/\/knappgarden.se\/en\/winter-activities-in-dalarna\/#primaryimage","url":"https:\/\/knappgarden.se\/wp-content\/uploads\/2022\/01\/IMG_9512-scaled.jpg","contentUrl":"https:\/\/knappgarden.se\/wp-content\/uploads\/2022\/01\/IMG_9512-scaled.jpg","width":2560,"height":1920},{"@type":"BreadcrumbList","@id":"https:\/\/knappgarden.se\/en\/winter-activities-in-dalarna\/#breadcrumb","itemListElement":[{"@type":"ListItem","position":1,"name":"Hem","item":"https:\/\/knappgarden.se\/en\/hem\/"},{"@type":"ListItem","position":2,"name":"WINTER ACTIVITIES IN DALARNA"}]},{"@type":"WebSite","@id":"https:\/\/knappgarden.se\/#website","url":"https:\/\/knappgarden.se\/","name":"Knappg\u00e5rden Fj\u00e4llhotell","description":"V\u00e4lkommen att bo och \u00e4ta gott i Norra Dalarnas Fj\u00e4llv\u00e4rld","potentialAction":[{"@type":"SearchAction","target":{"@type":"EntryPoint","urlTemplate":"https:\/\/knappgarden.se\/?s={search_term_string}"},"query-input":{"@type":"PropertyValueSpecification","valueRequired":true,"valueName":"search_term_string"}}],"inLanguage":"en-US"}]}},"_links":{"self":[{"href":"https:\/\/knappgarden.se\/en\/wp-json\/wp\/v2\/pages\/878","targetHints":{"allow":["GET"]}}],"collection":[{"href":"https:\/\/knappgarden.se\/en\/wp-json\/wp\/v2\/pages"}],"about":[{"href":"https:\/\/knappgarden.se\/en\/wp-json\/wp\/v2\/types\/page"}],"author":[{"embeddable":true,"href":"https:\/\/knappgarden.se\/en\/wp-json\/wp\/v2\/users\/2"}],"replies":[{"embeddable":true,"href":"https:\/\/knappgarden.se\/en\/wp-json\/wp\/v2\/comments?post=878"}],"version-history":[{"count":3,"href":"https:\/\/knappgarden.se\/en\/wp-json\/wp\/v2\/pages\/878\/revisions"}],"predecessor-version":[{"id":1131,"href":"https:\/\/knappgarden.se\/en\/wp-json\/wp\/v2\/pages\/878\/revisions\/1131"}],"wp:featuredmedia":[{"embeddable":true,"href":"https:\/\/knappgarden.se\/en\/wp-json\/wp\/v2\/media\/813"}],"wp:attachment":[{"href":"https:\/\/knappgarden.se\/en\/wp-json\/wp\/v2\/media?parent=878"}],"curies":[{"name":"wp","href":"https:\/\/api.w.org\/{rel}","templated":true}]}}