{"id":884,"date":"2021-12-02T15:05:44","date_gmt":"2021-12-02T14:05:44","guid":{"rendered":"https:\/\/knappgarden.se\/boende\/"},"modified":"2025-09-30T19:17:29","modified_gmt":"2025-09-30T17:17:29","slug":"accommodation","status":"publish","type":"page","link":"https:\/\/knappgarden.se\/en\/accommodation\/","title":{"rendered":"ACCOMMODATION"},"content":{"rendered":"<div id='full_slider_1'  class='avia-fullwidth-slider main_color avia-shadow  av-small-hide av-mini-hide  avia-builder-el-0  el_before_av_slideshow_full  avia-builder-el-first   container_wrap sidebar_right' style=' '  ><div   data-size='featured_large'  data-lightbox_size='large'  data-animation='slide'  data-conditional_play=''  data-ids='559'  data-video_counter='0'  data-autoplay='false'  data-bg_slider='false'  data-slide_height=''  data-handle='av_slideshow_full'  data-interval='5'  data-class=' '  data-el_id=''  data-css_id=''  data-scroll_down=''  data-control_layout='av-control-default'  data-custom_markup=''  data-perma_caption=''  data-autoplay_stopper=''  data-image_attachment=''  data-min_height='0px'  data-lazy_loading='disabled'  data-src=''  data-position='top left'  data-repeat='no-repeat'  data-attach='scroll'  data-stretch=''  data-default-height='32.8125'  class='avia-slideshow avia-slideshow-1  av-control-default av-default-height-applied avia-slideshow-featured_large av_slideshow_full   avia-slide-slider '  itemprop=\"image\" itemscope=\"itemscope\" itemtype=\"https:\/\/schema.org\/ImageObject\" ><ul class='avia-slideshow-inner ' style='padding-bottom: 32.8125%;' ><li  class=' av-single-slide slide-1 ' ><div data-rel='slideshow-1' class='avia-slide-wrap '   ><img decoding=\"async\" class=\"wp-image-823 avia-img-lazy-loading-not-823\"  src=\"https:\/\/knappgarden.se\/wp-content\/uploads\/2022\/01\/boende-banner-1920x630.png\" width=\"1920\" height=\"630\" title='boende-banner' alt=''  itemprop=\"thumbnailUrl\" srcset=\"https:\/\/knappgarden.se\/wp-content\/uploads\/2022\/01\/boende-banner.png 1920w, https:\/\/knappgarden.se\/wp-content\/uploads\/2022\/01\/boende-banner-300x98.png 300w, https:\/\/knappgarden.se\/wp-content\/uploads\/2022\/01\/boende-banner-1030x338.png 1030w, https:\/\/knappgarden.se\/wp-content\/uploads\/2022\/01\/boende-banner-768x252.png 768w, https:\/\/knappgarden.se\/wp-content\/uploads\/2022\/01\/boende-banner-1536x504.png 1536w, https:\/\/knappgarden.se\/wp-content\/uploads\/2022\/01\/boende-banner-705x231.png 705w\" sizes=\"(max-width: 1920px) 100vw, 1920px\" \/><\/div><\/li><\/ul><\/div><\/div>\n<div id='full_slider_2'  class='avia-fullwidth-slider main_color avia-shadow  av-desktop-hide av-medium-hide  avia-builder-el-1  el_after_av_slideshow_full  el_before_av_section   slider-not-first container_wrap sidebar_right' style=' '  ><div   data-size='featured'  data-lightbox_size='large'  data-animation='slide'  data-conditional_play=''  data-ids='559'  data-video_counter='0'  data-autoplay='false'  data-bg_slider='false'  data-slide_height=''  data-handle='av_slideshow_full'  data-interval='5'  data-class=' '  data-el_id=''  data-css_id=''  data-scroll_down=''  data-control_layout='av-control-default'  data-custom_markup=''  data-perma_caption=''  data-autoplay_stopper=''  data-image_attachment=''  data-min_height='400px'  data-lazy_loading='disabled'  data-src=''  data-position='top left'  data-repeat='no-repeat'  data-attach='scroll'  data-stretch=''  data-default-height='22.395833333333'  class='avia-slideshow avia-slideshow-2  av-control-default av-default-height-applied avia-slideshow-featured av_slideshow_full   avia-slide-slider '  itemprop=\"image\" itemscope=\"itemscope\" itemtype=\"https:\/\/schema.org\/ImageObject\" ><ul class='avia-slideshow-inner ' style='padding-bottom: 22.395833333333%;' ><li  class=' av-single-slide slide-1 ' ><div data-rel='slideshow-2' class='avia-slide-wrap '   ><img decoding=\"async\" class=\"wp-image-823 avia-img-lazy-loading-not-823\"  src=\"https:\/\/knappgarden.se\/wp-content\/uploads\/2022\/01\/boende-banner-1920x430.png\" width=\"1920\" height=\"430\" title='boende-banner' alt=''  itemprop=\"thumbnailUrl\"  style='min-height:400px; min-width:1787px; ' \/><\/div><\/li><\/ul><\/div><\/div>\n<div id='av_section_1'  class='avia-section main_color avia-section-default avia-no-border-styling  avia-bg-style-scroll  avia-builder-el-2  el_after_av_slideshow_full  el_before_av_masonry_gallery   container_wrap sidebar_right' style=' '  ><div class='container' ><div class='template-page content  av-content-small alpha units'><div class='post-entry post-entry-type-page post-entry-884'><div class='entry-content-wrapper clearfix'>\n<div class=\"flex_column av_one_fifth  flex_column_div av-zero-column-padding first  avia-builder-el-3  el_before_av_three_fifth  avia-builder-el-first  \" style='border-radius:0px; '><\/div><div class=\"flex_column av_three_fifth  flex_column_div av-zero-column-padding   avia-builder-el-4  el_after_av_one_fifth  el_before_av_one_fifth  \" style='border-radius:0px; '><p><div  style='padding-bottom:0px; margin:0 0 0 0; ' class='av-special-heading av-special-heading-h1  blockquote modern-quote  avia-builder-el-5  el_before_av_textblock  avia-builder-el-first  '><h1 class='av-special-heading-tag '  itemprop=\"headline\"  >COSY\/COMFORTABLE ACCOMMODATION <\/h1><div class='special-heading-border'><div class='special-heading-inner-border' ><\/div><\/div><\/div><br \/>\n<section class=\"av_textblock_section \"  itemscope=\"itemscope\" itemtype=\"https:\/\/schema.org\/CreativeWork\" ><div class='avia_textblock  '   itemprop=\"text\" ><p>Here with us on S\u00e4rnaheden, just 20 minutes drive by car to Idre, Knappg\u00e5rden offers cosy and comfortable rooms in our \u2018fj\u00e4llpension\u2019. We offer you amazing beds and a comfortable stay in Northern Dalarna.<br \/>\nSleep tight in anticipation of great snow adventures. As our guest you are close to Fulufj\u00e4llet, Nipfj\u00e4llet and Vedungen.<\/p>\n<p>For us at Knappg\u00e5rden we want you as our guests not only to experience the \u2018fj\u00e4ll\u2019 feeling with amazing nature and good food, but also for you to recouperate by sleeping well. Our beds are made by Wasabedden, locally produced in \u00c4lvdalen in Dalarna. In those beds you sleep like a king!<\/p>\n<p>Wake up to a marvellous view and get ready to explore the horizons.<\/p>\n<h4>ROOMS WITH GOOD STANDARD AND COMFORTABLE BEDS<\/h4>\n<p>We have rooms for singles, couples or families. Or colleagues and groups of friends. Here everyone is welcome, also four legged friends in our specially equipped and large \u2018petfriendly\u2019 rooms.<\/p>\n<p>All rooms has en-suite shower and WC and free WIFI. Also included is access to many free facilities such as sauna, games room and activities outside.<\/p>\n<p>The rooms are spacious and have two good quality beds. In two of the rooms the beds are permanently positioned as a double bed, in the others you are free to move them to make two singles or a double.Most of the rooms have an additional bunk bed.<\/p>\n<p>If you need extra space for a wheelchair or other aids we have a room that is adapted and has easy access.<\/p>\n<\/div><\/section><br \/>\n<section class=\"av_textblock_section \"  itemscope=\"itemscope\" itemtype=\"https:\/\/schema.org\/CreativeWork\" ><div class='avia_textblock  '   itemprop=\"text\" ><h3>OUR PRICES &#8211; PER ROOM AND NIGHT<\/h3>\n<p>Double room with breakfast<br \/>\n<em>1890 SEK<\/em><br \/>\nSingle room with breakfast<br \/>\n<em>1250 SEK<\/em><br \/>\nExtra bed with breakfast<br \/>\n<em>550 SEK<\/em><br \/>\nCot for baby 0-2 years<br \/>\n<em>+200 SEK\/visit<\/em><br \/>\nDog<br \/>\n<em>+200SEK \/visit<\/em><\/p>\n<\/div><\/section><br \/>\n<section class=\"av_textblock_section \"  itemscope=\"itemscope\" itemtype=\"https:\/\/schema.org\/CreativeWork\" ><div class='avia_textblock  '   itemprop=\"text\" ><p>The room prices include beds made, towels and cleaning at departure by us. Should you wish to have daily top up cleaning with a change of towels , let us know and we will arrage it. Extra change of bedding is available at the cost of 100kr\/bed<\/p>\n<h2>BOOK ACCOMMODATION<\/h2>\n<p>You are warmly welcome to <a href=\"https:\/\/knappgarden.se\/en\/contact-us\/\">contact us<\/a> if you have any questions or to book accommodation for you winter holiday in Northern Dalarna.<\/p>\n<\/div><\/section><\/p><\/div><div class=\"flex_column av_one_fifth  flex_column_div av-zero-column-padding   avia-builder-el-9  el_after_av_three_fifth  avia-builder-el-last  \" style='border-radius:0px; '><\/div><div id='av-masonry-1' class='av-masonry  noHover av-fixed-size av-large-gap av-hover-overlay- av-masonry-animation- av-masonry-col-4 av-caption-always av-caption-style- av-masonry-gallery     '  ><div class='av-masonry-container isotope av-js-disabled ' ><div class='av-masonry-entry isotope-item av-masonry-item-no-image '><\/div><a href=\"https:\/\/knappgarden.se\/wp-content\/uploads\/2022\/01\/IMG_5010-1030x773.jpg\"  aria-label=\"image IMG_5010\"  id='av-masonry-1-item-799' data-av-masonry-item='799' class='av-masonry-entry isotope-item post-799 attachment type-attachment status-inherit hentry  av-masonry-item-with-image' title=\"IMG_5010\" alt=\"\"   itemprop=\"thumbnailUrl\" ><div class='av-inner-masonry-sizer'><\/div><figure class='av-inner-masonry main_color'><div class=\"av-masonry-outerimage-container\"><div class=\"av-masonry-image-container\" style=\"background-image: url(https:\/\/knappgarden.se\/wp-content\/uploads\/2022\/01\/IMG_5010-705x529.jpg);\" title=\"IMG_5010\" ><\/div><\/div><\/figure><\/a><!--end av-masonry entry--><a href=\"https:\/\/knappgarden.se\/wp-content\/uploads\/2022\/01\/IMG_3802-1030x773.jpg\"  aria-label=\"image IMG_3802\"  id='av-masonry-1-item-794' data-av-masonry-item='794' class='av-masonry-entry isotope-item post-794 attachment type-attachment status-inherit hentry  av-masonry-item-with-image' title=\"IMG_3802\" alt=\"\"   itemprop=\"thumbnailUrl\" ><div class='av-inner-masonry-sizer'><\/div><figure class='av-inner-masonry main_color'><div class=\"av-masonry-outerimage-container\"><div class=\"av-masonry-image-container\" style=\"background-image: url(https:\/\/knappgarden.se\/wp-content\/uploads\/2022\/01\/IMG_3802-705x529.jpg);\" title=\"IMG_3802\" ><\/div><\/div><\/figure><\/a><!--end av-masonry entry--><a href=\"https:\/\/knappgarden.se\/wp-content\/uploads\/2022\/01\/IMG_1201-1030x773.jpg\"  aria-label=\"image IMG_1201\"  id='av-masonry-1-item-772' data-av-masonry-item='772' class='av-masonry-entry isotope-item post-772 attachment type-attachment status-inherit hentry  av-masonry-item-with-image' title=\"IMG_1201\" alt=\"\"   itemprop=\"thumbnailUrl\" ><div class='av-inner-masonry-sizer'><\/div><figure class='av-inner-masonry main_color'><div class=\"av-masonry-outerimage-container\"><div class=\"av-masonry-image-container\" style=\"background-image: url(https:\/\/knappgarden.se\/wp-content\/uploads\/2022\/01\/IMG_1201-705x529.jpg);\" title=\"IMG_1201\" ><\/div><\/div><\/figure><\/a><!--end av-masonry entry--><a href=\"https:\/\/knappgarden.se\/wp-content\/uploads\/2022\/01\/IMG_0437-1030x773.jpg\"  aria-label=\"image IMG_0437\"  id='av-masonry-1-item-764' data-av-masonry-item='764' class='av-masonry-entry isotope-item post-764 attachment type-attachment status-inherit hentry  av-masonry-item-with-image' title=\"IMG_0437\" alt=\"\"   itemprop=\"thumbnailUrl\" ><div class='av-inner-masonry-sizer'><\/div><figure class='av-inner-masonry main_color'><div class=\"av-masonry-outerimage-container\"><div class=\"av-masonry-image-container\" style=\"background-image: url(https:\/\/knappgarden.se\/wp-content\/uploads\/2022\/01\/IMG_0437-705x529.jpg);\" title=\"IMG_0437\" ><\/div><\/div><\/figure><\/a><!--end av-masonry entry--><\/div><\/div><\/p>\n","protected":false},"excerpt":{"rendered":"","protected":false},"author":2,"featured_media":833,"parent":0,"menu_order":0,"comment_status":"closed","ping_status":"closed","template":"","meta":{"footnotes":""},"class_list":["post-884","page","type-page","status-publish","has-post-thumbnail","hentry"],"yoast_head":"<!-- This site is optimized with the Yoast SEO plugin v25.1 - https:\/\/yoast.com\/wordpress\/plugins\/seo\/ -->\n<title>ACCOMMODATION - Knappg\u00e5rden Fj\u00e4llhotell<\/title>\n<meta name=\"description\" content=\"Cosy and comfortable accomodation i Northern Dalarna in Sweden. Prices and about our rooms.\" \/>\n<meta name=\"robots\" content=\"index, follow, max-snippet:-1, max-image-preview:large, max-video-preview:-1\" \/>\n<link rel=\"canonical\" href=\"https:\/\/knappgarden.se\/en\/accommodation\/\" \/>\n<meta property=\"og:locale\" content=\"en_US\" \/>\n<meta property=\"og:type\" content=\"article\" \/>\n<meta property=\"og:title\" content=\"ACCOMMODATION - Knappg\u00e5rden Fj\u00e4llhotell\" \/>\n<meta property=\"og:description\" content=\"Cosy and comfortable accomodation i Northern Dalarna in Sweden. Prices and about our rooms.\" \/>\n<meta property=\"og:url\" content=\"https:\/\/knappgarden.se\/en\/accommodation\/\" \/>\n<meta property=\"og:site_name\" content=\"Knappg\u00e5rden Fj\u00e4llhotell\" \/>\n<meta property=\"article:modified_time\" content=\"2025-09-30T17:17:29+00:00\" \/>\n<meta property=\"og:image\" content=\"https:\/\/knappgarden.se\/wp-content\/uploads\/2022\/01\/boende-pa-knappgarden-fjallhotell.png\" \/>\n\t<meta property=\"og:image:width\" content=\"740\" \/>\n\t<meta property=\"og:image:height\" content=\"550\" \/>\n\t<meta property=\"og:image:type\" content=\"image\/png\" \/>\n<meta name=\"twitter:card\" content=\"summary_large_image\" \/>\n<meta name=\"twitter:label1\" content=\"Est. reading time\" \/>\n\t<meta name=\"twitter:data1\" content=\"4 minutes\" \/>\n<script type=\"application\/ld+json\" class=\"yoast-schema-graph\">{\"@context\":\"https:\/\/schema.org\",\"@graph\":[{\"@type\":\"WebPage\",\"@id\":\"https:\/\/knappgarden.se\/en\/accommodation\/\",\"url\":\"https:\/\/knappgarden.se\/en\/accommodation\/\",\"name\":\"ACCOMMODATION - Knappg\u00e5rden Fj\u00e4llhotell\",\"isPartOf\":{\"@id\":\"https:\/\/knappgarden.se\/#website\"},\"primaryImageOfPage\":{\"@id\":\"https:\/\/knappgarden.se\/en\/accommodation\/#primaryimage\"},\"image\":{\"@id\":\"https:\/\/knappgarden.se\/en\/accommodation\/#primaryimage\"},\"thumbnailUrl\":\"https:\/\/knappgarden.se\/wp-content\/uploads\/2022\/01\/boende-pa-knappgarden-fjallhotell.png\",\"datePublished\":\"2021-12-02T14:05:44+00:00\",\"dateModified\":\"2025-09-30T17:17:29+00:00\",\"description\":\"Cosy and comfortable accomodation i Northern Dalarna in Sweden. Prices and about our rooms.\",\"breadcrumb\":{\"@id\":\"https:\/\/knappgarden.se\/en\/accommodation\/#breadcrumb\"},\"inLanguage\":\"en-US\",\"potentialAction\":[{\"@type\":\"ReadAction\",\"target\":[\"https:\/\/knappgarden.se\/en\/accommodation\/\"]}]},{\"@type\":\"ImageObject\",\"inLanguage\":\"en-US\",\"@id\":\"https:\/\/knappgarden.se\/en\/accommodation\/#primaryimage\",\"url\":\"https:\/\/knappgarden.se\/wp-content\/uploads\/2022\/01\/boende-pa-knappgarden-fjallhotell.png\",\"contentUrl\":\"https:\/\/knappgarden.se\/wp-content\/uploads\/2022\/01\/boende-pa-knappgarden-fjallhotell.png\",\"width\":740,\"height\":550},{\"@type\":\"BreadcrumbList\",\"@id\":\"https:\/\/knappgarden.se\/en\/accommodation\/#breadcrumb\",\"itemListElement\":[{\"@type\":\"ListItem\",\"position\":1,\"name\":\"Hem\",\"item\":\"https:\/\/knappgarden.se\/en\/hem\/\"},{\"@type\":\"ListItem\",\"position\":2,\"name\":\"ACCOMMODATION\"}]},{\"@type\":\"WebSite\",\"@id\":\"https:\/\/knappgarden.se\/#website\",\"url\":\"https:\/\/knappgarden.se\/\",\"name\":\"Knappg\u00e5rden Fj\u00e4llhotell\",\"description\":\"V\u00e4lkommen att bo och \u00e4ta gott i Norra Dalarnas Fj\u00e4llv\u00e4rld\",\"potentialAction\":[{\"@type\":\"SearchAction\",\"target\":{\"@type\":\"EntryPoint\",\"urlTemplate\":\"https:\/\/knappgarden.se\/?s={search_term_string}\"},\"query-input\":{\"@type\":\"PropertyValueSpecification\",\"valueRequired\":true,\"valueName\":\"search_term_string\"}}],\"inLanguage\":\"en-US\"}]}<\/script>\n<!-- \/ Yoast SEO plugin. -->","yoast_head_json":{"title":"ACCOMMODATION - Knappg\u00e5rden Fj\u00e4llhotell","description":"Cosy and comfortable accomodation i Northern Dalarna in Sweden. Prices and about our rooms.","robots":{"index":"index","follow":"follow","max-snippet":"max-snippet:-1","max-image-preview":"max-image-preview:large","max-video-preview":"max-video-preview:-1"},"canonical":"https:\/\/knappgarden.se\/en\/accommodation\/","og_locale":"en_US","og_type":"article","og_title":"ACCOMMODATION - Knappg\u00e5rden Fj\u00e4llhotell","og_description":"Cosy and comfortable accomodation i Northern Dalarna in Sweden. Prices and about our rooms.","og_url":"https:\/\/knappgarden.se\/en\/accommodation\/","og_site_name":"Knappg\u00e5rden Fj\u00e4llhotell","article_modified_time":"2025-09-30T17:17:29+00:00","og_image":[{"width":740,"height":550,"url":"https:\/\/knappgarden.se\/wp-content\/uploads\/2022\/01\/boende-pa-knappgarden-fjallhotell.png","type":"image\/png"}],"twitter_card":"summary_large_image","twitter_misc":{"Est. reading time":"4 minutes"},"schema":{"@context":"https:\/\/schema.org","@graph":[{"@type":"WebPage","@id":"https:\/\/knappgarden.se\/en\/accommodation\/","url":"https:\/\/knappgarden.se\/en\/accommodation\/","name":"ACCOMMODATION - Knappg\u00e5rden Fj\u00e4llhotell","isPartOf":{"@id":"https:\/\/knappgarden.se\/#website"},"primaryImageOfPage":{"@id":"https:\/\/knappgarden.se\/en\/accommodation\/#primaryimage"},"image":{"@id":"https:\/\/knappgarden.se\/en\/accommodation\/#primaryimage"},"thumbnailUrl":"https:\/\/knappgarden.se\/wp-content\/uploads\/2022\/01\/boende-pa-knappgarden-fjallhotell.png","datePublished":"2021-12-02T14:05:44+00:00","dateModified":"2025-09-30T17:17:29+00:00","description":"Cosy and comfortable accomodation i Northern Dalarna in Sweden. Prices and about our rooms.","breadcrumb":{"@id":"https:\/\/knappgarden.se\/en\/accommodation\/#breadcrumb"},"inLanguage":"en-US","potentialAction":[{"@type":"ReadAction","target":["https:\/\/knappgarden.se\/en\/accommodation\/"]}]},{"@type":"ImageObject","inLanguage":"en-US","@id":"https:\/\/knappgarden.se\/en\/accommodation\/#primaryimage","url":"https:\/\/knappgarden.se\/wp-content\/uploads\/2022\/01\/boende-pa-knappgarden-fjallhotell.png","contentUrl":"https:\/\/knappgarden.se\/wp-content\/uploads\/2022\/01\/boende-pa-knappgarden-fjallhotell.png","width":740,"height":550},{"@type":"BreadcrumbList","@id":"https:\/\/knappgarden.se\/en\/accommodation\/#breadcrumb","itemListElement":[{"@type":"ListItem","position":1,"name":"Hem","item":"https:\/\/knappgarden.se\/en\/hem\/"},{"@type":"ListItem","position":2,"name":"ACCOMMODATION"}]},{"@type":"WebSite","@id":"https:\/\/knappgarden.se\/#website","url":"https:\/\/knappgarden.se\/","name":"Knappg\u00e5rden Fj\u00e4llhotell","description":"V\u00e4lkommen att bo och \u00e4ta gott i Norra Dalarnas Fj\u00e4llv\u00e4rld","potentialAction":[{"@type":"SearchAction","target":{"@type":"EntryPoint","urlTemplate":"https:\/\/knappgarden.se\/?s={search_term_string}"},"query-input":{"@type":"PropertyValueSpecification","valueRequired":true,"valueName":"search_term_string"}}],"inLanguage":"en-US"}]}},"_links":{"self":[{"href":"https:\/\/knappgarden.se\/en\/wp-json\/wp\/v2\/pages\/884","targetHints":{"allow":["GET"]}}],"collection":[{"href":"https:\/\/knappgarden.se\/en\/wp-json\/wp\/v2\/pages"}],"about":[{"href":"https:\/\/knappgarden.se\/en\/wp-json\/wp\/v2\/types\/page"}],"author":[{"embeddable":true,"href":"https:\/\/knappgarden.se\/en\/wp-json\/wp\/v2\/users\/2"}],"replies":[{"embeddable":true,"href":"https:\/\/knappgarden.se\/en\/wp-json\/wp\/v2\/comments?post=884"}],"version-history":[{"count":17,"href":"https:\/\/knappgarden.se\/en\/wp-json\/wp\/v2\/pages\/884\/revisions"}],"predecessor-version":[{"id":3567,"href":"https:\/\/knappgarden.se\/en\/wp-json\/wp\/v2\/pages\/884\/revisions\/3567"}],"wp:featuredmedia":[{"embeddable":true,"href":"https:\/\/knappgarden.se\/en\/wp-json\/wp\/v2\/media\/833"}],"wp:attachment":[{"href":"https:\/\/knappgarden.se\/en\/wp-json\/wp\/v2\/media?parent=884"}],"curies":[{"name":"wp","href":"https:\/\/api.w.org\/{rel}","templated":true}]}}