{"id":897,"date":"2021-12-06T06:45:14","date_gmt":"2021-12-06T05:45:14","guid":{"rendered":"https:\/\/knappgarden.se\/faciliteter\/"},"modified":"2022-02-15T10:29:04","modified_gmt":"2022-02-15T09:29:04","slug":"our-facilities","status":"publish","type":"page","link":"https:\/\/knappgarden.se\/en\/our-facilities\/","title":{"rendered":"OUR FACILITIES"},"content":{"rendered":"<div id='full_slider_1'  class='avia-fullwidth-slider main_color avia-shadow  av-small-hide av-mini-hide  avia-builder-el-0  el_before_av_slideshow_full  avia-builder-el-first   container_wrap sidebar_right' style=' '  ><div   data-size='featured_large'  data-lightbox_size='large'  data-animation='slide'  data-conditional_play=''  data-ids='581'  data-video_counter='0'  data-autoplay='false'  data-bg_slider='false'  data-slide_height=''  data-handle='av_slideshow_full'  data-interval='5'  data-class=' '  data-el_id=''  data-css_id=''  data-scroll_down=''  data-control_layout='av-control-default'  data-custom_markup=''  data-perma_caption=''  data-autoplay_stopper=''  data-image_attachment=''  data-min_height='0px'  data-lazy_loading='disabled'  data-src=''  data-position='top left'  data-repeat='no-repeat'  data-attach='scroll'  data-stretch=''  data-default-height='32.8125'  class='avia-slideshow avia-slideshow-1  av-control-default av-default-height-applied avia-slideshow-featured_large av_slideshow_full   avia-slide-slider '  itemprop=\"image\" itemscope=\"itemscope\" itemtype=\"https:\/\/schema.org\/ImageObject\" ><ul class='avia-slideshow-inner ' style='padding-bottom: 32.8125%;' ><li  class=' av-single-slide slide-1 ' ><div data-rel='slideshow-1' class='avia-slide-wrap '   ><img decoding=\"async\" class=\"wp-image-829 avia-img-lazy-loading-not-829\"  src=\"https:\/\/knappgarden.se\/wp-content\/uploads\/2022\/01\/faciliteter-banner-1920x630.png\" width=\"1920\" height=\"630\" title='faciliteter-banner' alt=''  itemprop=\"thumbnailUrl\" srcset=\"https:\/\/knappgarden.se\/wp-content\/uploads\/2022\/01\/faciliteter-banner.png 1920w, https:\/\/knappgarden.se\/wp-content\/uploads\/2022\/01\/faciliteter-banner-300x98.png 300w, https:\/\/knappgarden.se\/wp-content\/uploads\/2022\/01\/faciliteter-banner-1030x338.png 1030w, https:\/\/knappgarden.se\/wp-content\/uploads\/2022\/01\/faciliteter-banner-768x252.png 768w, https:\/\/knappgarden.se\/wp-content\/uploads\/2022\/01\/faciliteter-banner-1536x504.png 1536w, https:\/\/knappgarden.se\/wp-content\/uploads\/2022\/01\/faciliteter-banner-705x231.png 705w\" sizes=\"(max-width: 1920px) 100vw, 1920px\" \/><\/div><\/li><\/ul><\/div><\/div>\n<div id='full_slider_2'  class='avia-fullwidth-slider main_color avia-shadow  av-desktop-hide av-medium-hide  avia-builder-el-1  el_after_av_slideshow_full  el_before_av_section   slider-not-first container_wrap sidebar_right' style=' '  ><div   data-size='featured'  data-lightbox_size='large'  data-animation='slide'  data-conditional_play=''  data-ids='581'  data-video_counter='0'  data-autoplay='false'  data-bg_slider='false'  data-slide_height=''  data-handle='av_slideshow_full'  data-interval='5'  data-class=' '  data-el_id=''  data-css_id=''  data-scroll_down=''  data-control_layout='av-control-default'  data-custom_markup=''  data-perma_caption=''  data-autoplay_stopper=''  data-image_attachment=''  data-min_height='400px'  data-lazy_loading='disabled'  data-src=''  data-position='top left'  data-repeat='no-repeat'  data-attach='scroll'  data-stretch=''  data-default-height='22.395833333333'  class='avia-slideshow avia-slideshow-2  av-control-default av-default-height-applied avia-slideshow-featured av_slideshow_full   avia-slide-slider '  itemprop=\"image\" itemscope=\"itemscope\" itemtype=\"https:\/\/schema.org\/ImageObject\" ><ul class='avia-slideshow-inner ' style='padding-bottom: 22.395833333333%;' ><li  class=' av-single-slide slide-1 ' ><div data-rel='slideshow-2' class='avia-slide-wrap '   ><img decoding=\"async\" class=\"wp-image-829 avia-img-lazy-loading-not-829\"  src=\"https:\/\/knappgarden.se\/wp-content\/uploads\/2022\/01\/faciliteter-banner-1920x430.png\" width=\"1920\" height=\"430\" title='faciliteter-banner' alt=''  itemprop=\"thumbnailUrl\"  style='min-height:400px; min-width:1787px; ' \/><\/div><\/li><\/ul><\/div><\/div>\n<div id='av_section_1'  class='avia-section main_color avia-section-default avia-no-border-styling  avia-bg-style-scroll  avia-builder-el-2  el_after_av_slideshow_full  el_before_av_masonry_gallery   container_wrap sidebar_right' style=' '  ><div class='container' ><div class='template-page content  av-content-small alpha units'><div class='post-entry post-entry-type-page post-entry-897'><div class='entry-content-wrapper clearfix'>\n<div class=\"flex_column av_one_fifth  flex_column_div av-zero-column-padding first  avia-builder-el-3  el_before_av_three_fifth  avia-builder-el-first  \" style='border-radius:0px; '><\/div><div class=\"flex_column av_three_fifth  flex_column_div av-zero-column-padding   avia-builder-el-4  el_after_av_one_fifth  el_before_av_one_fifth  \" style='border-radius:0px; '><p><div  style='padding-bottom:0px; margin:0 0 0 0; ' class='av-special-heading av-special-heading-h1  blockquote modern-quote  avia-builder-el-5  el_before_av_textblock  avia-builder-el-first  '><h1 class='av-special-heading-tag '  itemprop=\"headline\"  >OUR FACILITIES<\/h1><div class='special-heading-border'><div class='special-heading-inner-border' ><\/div><\/div><\/div><br \/>\n<section class=\"av_textblock_section \"  itemscope=\"itemscope\" itemtype=\"https:\/\/schema.org\/CreativeWork\" ><div class='avia_textblock  '   itemprop=\"text\" ><header class=\"entry-header\">\n<p class=\"entry-title\"><strong>Activities on site, games room and TV- room<\/strong><\/p>\n<p class=\"entry-title\">Entry to the games room and the TV-room is found to the rear of the annex. Access from 08:00 to 20:00. Here you find a pool table, table tennis , icehockey , darts board and a baby football game. Next door a room with sofa and armchairs, large selection of board games ie Monopoly, Trivial Pursuit, chess. playing cards \u2013 also a large TV for joint viewing.<\/p>\n<p class=\"entry-title\">Relax with a wonderful view over the river and the mountains at our grill and BBQ area with the best view! Perfect to sit in front of a proper camp fire any time of the year.<\/p>\n<p class=\"entry-title\"><strong>FREE SUMMER ACTIVITIES<\/strong><\/p>\n<p class=\"entry-title\">Badminton, boule and various outdoor games and a few bikes available, just ask in reception. Electric bikes available for rental.<\/p>\n<p class=\"entry-title\"><strong>FREE WINTER ACTIVITIES<\/strong><\/p>\n<p class=\"entry-title\">Snow shoes, taboggans and \u2018kicks\u2019 are free to use, just ask in reception.<\/p>\n<p class=\"entry-title\"><strong>Walking circuit<\/strong><\/p>\n<p class=\"entry-title\">We have marked up a small nature trail in the nearby forest with orange markers total distance from your door and back is 2.9 km.<\/p>\n<p class=\"entry-title\"><strong>Sauna and showers<\/strong><\/p>\n<p class=\"entry-title\">The sauna is available from 08:00 to 20:00 Please note that the sauna takes approx. 20 mins. to heat. Just contact reception and we will put it on .<\/p>\n<\/header>\n<div class=\"entry-content\"><\/div>\n<\/div><\/section><\/p><\/div><div class=\"flex_column av_one_fifth  flex_column_div av-zero-column-padding   avia-builder-el-7  el_after_av_three_fifth  avia-builder-el-last  \" style='border-radius:0px; '><\/div><div id='av-masonry-1' class='av-masonry  noHover av-fixed-size av-large-gap av-hover-overlay- av-masonry-animation- av-masonry-col-3 av-caption-always av-caption-style- av-masonry-gallery   av-orientation-portrait  '  ><div class='av-masonry-container isotope av-js-disabled ' ><div class='av-masonry-entry isotope-item av-masonry-item-no-image '><\/div><a href=\"https:\/\/knappgarden.se\/wp-content\/uploads\/2022\/01\/IMG_9768-773x1030.jpg\"  aria-label=\"image IMG_9768\"  id='av-masonry-1-item-816' data-av-masonry-item='816' class='av-masonry-entry isotope-item post-816 attachment type-attachment status-inherit hentry  av-masonry-item-with-image' title=\"IMG_9768\" alt=\"\"   itemprop=\"thumbnailUrl\" ><div class='av-inner-masonry-sizer'><\/div><figure class='av-inner-masonry main_color'><div class=\"av-masonry-outerimage-container\"><div class=\"av-masonry-image-container\" style=\"background-image: url(https:\/\/knappgarden.se\/wp-content\/uploads\/2022\/01\/IMG_9768-529x705.jpg);\" title=\"IMG_9768\" ><\/div><\/div><\/figure><\/a><!--end av-masonry entry--><a href=\"https:\/\/knappgarden.se\/wp-content\/uploads\/2022\/01\/IMG_9091-1030x773.jpg\"  aria-label=\"image IMG_9091\"  id='av-masonry-1-item-812' data-av-masonry-item='812' class='av-masonry-entry isotope-item post-812 attachment type-attachment status-inherit hentry  av-masonry-item-with-image' title=\"IMG_9091\" alt=\"\"   itemprop=\"thumbnailUrl\" ><div class='av-inner-masonry-sizer'><\/div><figure class='av-inner-masonry main_color'><div class=\"av-masonry-outerimage-container\"><div class=\"av-masonry-image-container\" style=\"background-image: url(https:\/\/knappgarden.se\/wp-content\/uploads\/2022\/01\/IMG_9091-705x529.jpg);\" title=\"IMG_9091\" ><\/div><\/div><\/figure><\/a><!--end av-masonry entry--><a href=\"https:\/\/knappgarden.se\/wp-content\/uploads\/2022\/01\/IMG_5014-1030x773.jpg\"  aria-label=\"image IMG_5014\"  id='av-masonry-1-item-800' data-av-masonry-item='800' class='av-masonry-entry isotope-item post-800 attachment type-attachment status-inherit hentry  av-masonry-item-with-image' title=\"IMG_5014\" alt=\"\"   itemprop=\"thumbnailUrl\" ><div class='av-inner-masonry-sizer'><\/div><figure class='av-inner-masonry main_color'><div class=\"av-masonry-outerimage-container\"><div class=\"av-masonry-image-container\" style=\"background-image: url(https:\/\/knappgarden.se\/wp-content\/uploads\/2022\/01\/IMG_5014-705x529.jpg);\" title=\"IMG_5014\" ><\/div><\/div><\/figure><\/a><!--end av-masonry entry--><a href=\"https:\/\/knappgarden.se\/wp-content\/uploads\/2022\/01\/IMG_7197-1030x773.jpg\"  aria-label=\"image IMG_7197\"  id='av-masonry-1-item-803' data-av-masonry-item='803' class='av-masonry-entry isotope-item post-803 attachment type-attachment status-inherit hentry  av-masonry-item-with-image' title=\"IMG_7197\" alt=\"\"   itemprop=\"thumbnailUrl\" ><div class='av-inner-masonry-sizer'><\/div><figure class='av-inner-masonry main_color'><div class=\"av-masonry-outerimage-container\"><div class=\"av-masonry-image-container\" style=\"background-image: url(https:\/\/knappgarden.se\/wp-content\/uploads\/2022\/01\/IMG_7197-705x529.jpg);\" title=\"IMG_7197\" ><\/div><\/div><\/figure><\/a><!--end av-masonry entry--><a href=\"https:\/\/knappgarden.se\/wp-content\/uploads\/2022\/01\/IMG_2462-773x1030.jpg\"  aria-label=\"image IMG_2462\"  id='av-masonry-1-item-785' data-av-masonry-item='785' class='av-masonry-entry isotope-item post-785 attachment type-attachment status-inherit hentry  av-masonry-item-with-image' title=\"IMG_2462\" alt=\"\"   itemprop=\"thumbnailUrl\" ><div class='av-inner-masonry-sizer'><\/div><figure class='av-inner-masonry main_color'><div class=\"av-masonry-outerimage-container\"><div class=\"av-masonry-image-container\" style=\"background-image: url(https:\/\/knappgarden.se\/wp-content\/uploads\/2022\/01\/IMG_2462-529x705.jpg);\" title=\"IMG_2462\" ><\/div><\/div><\/figure><\/a><!--end av-masonry entry--><a href=\"https:\/\/knappgarden.se\/wp-content\/uploads\/2022\/01\/IMG_8890-1030x773.jpg\"  aria-label=\"image IMG_8890\"  id='av-masonry-1-item-810' data-av-masonry-item='810' class='av-masonry-entry isotope-item post-810 attachment type-attachment status-inherit hentry  av-masonry-item-with-image' title=\"IMG_8890\" alt=\"\"   itemprop=\"thumbnailUrl\" ><div class='av-inner-masonry-sizer'><\/div><figure class='av-inner-masonry main_color'><div class=\"av-masonry-outerimage-container\"><div class=\"av-masonry-image-container\" style=\"background-image: url(https:\/\/knappgarden.se\/wp-content\/uploads\/2022\/01\/IMG_8890-705x529.jpg);\" title=\"IMG_8890\" ><\/div><\/div><\/figure><\/a><!--end av-masonry entry--><\/div><\/div><\/p>\n","protected":false},"excerpt":{"rendered":"","protected":false},"author":2,"featured_media":803,"parent":0,"menu_order":0,"comment_status":"closed","ping_status":"closed","template":"","meta":{"footnotes":""},"class_list":["post-897","page","type-page","status-publish","has-post-thumbnail","hentry"],"yoast_head":"<!-- This site is optimized with the Yoast SEO plugin v25.1 - https:\/\/yoast.com\/wordpress\/plugins\/seo\/ -->\n<title>OUR FACILITIES - Knappg\u00e5rden Fj\u00e4llhotell<\/title>\n<meta name=\"robots\" content=\"index, follow, max-snippet:-1, max-image-preview:large, max-video-preview:-1\" \/>\n<link rel=\"canonical\" href=\"https:\/\/knappgarden.se\/en\/our-facilities\/\" \/>\n<meta property=\"og:locale\" content=\"en_US\" \/>\n<meta property=\"og:type\" content=\"article\" \/>\n<meta property=\"og:title\" content=\"OUR FACILITIES - Knappg\u00e5rden Fj\u00e4llhotell\" \/>\n<meta property=\"og:url\" content=\"https:\/\/knappgarden.se\/en\/our-facilities\/\" \/>\n<meta property=\"og:site_name\" content=\"Knappg\u00e5rden Fj\u00e4llhotell\" \/>\n<meta property=\"article:modified_time\" content=\"2022-02-15T09:29:04+00:00\" \/>\n<meta property=\"og:image\" content=\"https:\/\/knappgarden.se\/wp-content\/uploads\/2022\/01\/IMG_7197-1030x773.jpg\" \/>\n\t<meta property=\"og:image:width\" content=\"1030\" \/>\n\t<meta property=\"og:image:height\" content=\"773\" \/>\n\t<meta property=\"og:image:type\" content=\"image\/jpeg\" \/>\n<meta name=\"twitter:card\" content=\"summary_large_image\" \/>\n<meta name=\"twitter:label1\" content=\"Est. reading time\" \/>\n\t<meta name=\"twitter:data1\" content=\"6 minutes\" \/>\n<script type=\"application\/ld+json\" class=\"yoast-schema-graph\">{\"@context\":\"https:\/\/schema.org\",\"@graph\":[{\"@type\":\"WebPage\",\"@id\":\"https:\/\/knappgarden.se\/en\/our-facilities\/\",\"url\":\"https:\/\/knappgarden.se\/en\/our-facilities\/\",\"name\":\"OUR FACILITIES - Knappg\u00e5rden Fj\u00e4llhotell\",\"isPartOf\":{\"@id\":\"https:\/\/knappgarden.se\/#website\"},\"primaryImageOfPage\":{\"@id\":\"https:\/\/knappgarden.se\/en\/our-facilities\/#primaryimage\"},\"image\":{\"@id\":\"https:\/\/knappgarden.se\/en\/our-facilities\/#primaryimage\"},\"thumbnailUrl\":\"https:\/\/knappgarden.se\/wp-content\/uploads\/2022\/01\/IMG_7197-scaled.jpg\",\"datePublished\":\"2021-12-06T05:45:14+00:00\",\"dateModified\":\"2022-02-15T09:29:04+00:00\",\"breadcrumb\":{\"@id\":\"https:\/\/knappgarden.se\/en\/our-facilities\/#breadcrumb\"},\"inLanguage\":\"en-US\",\"potentialAction\":[{\"@type\":\"ReadAction\",\"target\":[\"https:\/\/knappgarden.se\/en\/our-facilities\/\"]}]},{\"@type\":\"ImageObject\",\"inLanguage\":\"en-US\",\"@id\":\"https:\/\/knappgarden.se\/en\/our-facilities\/#primaryimage\",\"url\":\"https:\/\/knappgarden.se\/wp-content\/uploads\/2022\/01\/IMG_7197-scaled.jpg\",\"contentUrl\":\"https:\/\/knappgarden.se\/wp-content\/uploads\/2022\/01\/IMG_7197-scaled.jpg\",\"width\":2560,\"height\":1920},{\"@type\":\"BreadcrumbList\",\"@id\":\"https:\/\/knappgarden.se\/en\/our-facilities\/#breadcrumb\",\"itemListElement\":[{\"@type\":\"ListItem\",\"position\":1,\"name\":\"Hem\",\"item\":\"https:\/\/knappgarden.se\/en\/hem\/\"},{\"@type\":\"ListItem\",\"position\":2,\"name\":\"OUR FACILITIES\"}]},{\"@type\":\"WebSite\",\"@id\":\"https:\/\/knappgarden.se\/#website\",\"url\":\"https:\/\/knappgarden.se\/\",\"name\":\"Knappg\u00e5rden Fj\u00e4llhotell\",\"description\":\"V\u00e4lkommen att bo och \u00e4ta gott i Norra Dalarnas Fj\u00e4llv\u00e4rld\",\"potentialAction\":[{\"@type\":\"SearchAction\",\"target\":{\"@type\":\"EntryPoint\",\"urlTemplate\":\"https:\/\/knappgarden.se\/?s={search_term_string}\"},\"query-input\":{\"@type\":\"PropertyValueSpecification\",\"valueRequired\":true,\"valueName\":\"search_term_string\"}}],\"inLanguage\":\"en-US\"}]}<\/script>\n<!-- \/ Yoast SEO plugin. -->","yoast_head_json":{"title":"OUR FACILITIES - Knappg\u00e5rden Fj\u00e4llhotell","robots":{"index":"index","follow":"follow","max-snippet":"max-snippet:-1","max-image-preview":"max-image-preview:large","max-video-preview":"max-video-preview:-1"},"canonical":"https:\/\/knappgarden.se\/en\/our-facilities\/","og_locale":"en_US","og_type":"article","og_title":"OUR FACILITIES - Knappg\u00e5rden Fj\u00e4llhotell","og_url":"https:\/\/knappgarden.se\/en\/our-facilities\/","og_site_name":"Knappg\u00e5rden Fj\u00e4llhotell","article_modified_time":"2022-02-15T09:29:04+00:00","og_image":[{"width":1030,"height":773,"url":"https:\/\/knappgarden.se\/wp-content\/uploads\/2022\/01\/IMG_7197-1030x773.jpg","type":"image\/jpeg"}],"twitter_card":"summary_large_image","twitter_misc":{"Est. reading time":"6 minutes"},"schema":{"@context":"https:\/\/schema.org","@graph":[{"@type":"WebPage","@id":"https:\/\/knappgarden.se\/en\/our-facilities\/","url":"https:\/\/knappgarden.se\/en\/our-facilities\/","name":"OUR FACILITIES - Knappg\u00e5rden Fj\u00e4llhotell","isPartOf":{"@id":"https:\/\/knappgarden.se\/#website"},"primaryImageOfPage":{"@id":"https:\/\/knappgarden.se\/en\/our-facilities\/#primaryimage"},"image":{"@id":"https:\/\/knappgarden.se\/en\/our-facilities\/#primaryimage"},"thumbnailUrl":"https:\/\/knappgarden.se\/wp-content\/uploads\/2022\/01\/IMG_7197-scaled.jpg","datePublished":"2021-12-06T05:45:14+00:00","dateModified":"2022-02-15T09:29:04+00:00","breadcrumb":{"@id":"https:\/\/knappgarden.se\/en\/our-facilities\/#breadcrumb"},"inLanguage":"en-US","potentialAction":[{"@type":"ReadAction","target":["https:\/\/knappgarden.se\/en\/our-facilities\/"]}]},{"@type":"ImageObject","inLanguage":"en-US","@id":"https:\/\/knappgarden.se\/en\/our-facilities\/#primaryimage","url":"https:\/\/knappgarden.se\/wp-content\/uploads\/2022\/01\/IMG_7197-scaled.jpg","contentUrl":"https:\/\/knappgarden.se\/wp-content\/uploads\/2022\/01\/IMG_7197-scaled.jpg","width":2560,"height":1920},{"@type":"BreadcrumbList","@id":"https:\/\/knappgarden.se\/en\/our-facilities\/#breadcrumb","itemListElement":[{"@type":"ListItem","position":1,"name":"Hem","item":"https:\/\/knappgarden.se\/en\/hem\/"},{"@type":"ListItem","position":2,"name":"OUR FACILITIES"}]},{"@type":"WebSite","@id":"https:\/\/knappgarden.se\/#website","url":"https:\/\/knappgarden.se\/","name":"Knappg\u00e5rden Fj\u00e4llhotell","description":"V\u00e4lkommen att bo och \u00e4ta gott i Norra Dalarnas Fj\u00e4llv\u00e4rld","potentialAction":[{"@type":"SearchAction","target":{"@type":"EntryPoint","urlTemplate":"https:\/\/knappgarden.se\/?s={search_term_string}"},"query-input":{"@type":"PropertyValueSpecification","valueRequired":true,"valueName":"search_term_string"}}],"inLanguage":"en-US"}]}},"_links":{"self":[{"href":"https:\/\/knappgarden.se\/en\/wp-json\/wp\/v2\/pages\/897","targetHints":{"allow":["GET"]}}],"collection":[{"href":"https:\/\/knappgarden.se\/en\/wp-json\/wp\/v2\/pages"}],"about":[{"href":"https:\/\/knappgarden.se\/en\/wp-json\/wp\/v2\/types\/page"}],"author":[{"embeddable":true,"href":"https:\/\/knappgarden.se\/en\/wp-json\/wp\/v2\/users\/2"}],"replies":[{"embeddable":true,"href":"https:\/\/knappgarden.se\/en\/wp-json\/wp\/v2\/comments?post=897"}],"version-history":[{"count":3,"href":"https:\/\/knappgarden.se\/en\/wp-json\/wp\/v2\/pages\/897\/revisions"}],"predecessor-version":[{"id":1136,"href":"https:\/\/knappgarden.se\/en\/wp-json\/wp\/v2\/pages\/897\/revisions\/1136"}],"wp:featuredmedia":[{"embeddable":true,"href":"https:\/\/knappgarden.se\/en\/wp-json\/wp\/v2\/media\/803"}],"wp:attachment":[{"href":"https:\/\/knappgarden.se\/en\/wp-json\/wp\/v2\/media?parent=897"}],"curies":[{"name":"wp","href":"https:\/\/api.w.org\/{rel}","templated":true}]}}