{"id":906,"date":"2021-12-02T15:05:51","date_gmt":"2021-12-02T14:05:51","guid":{"rendered":"https:\/\/knappgarden.se\/konferens-dalarna-sarna-idre\/"},"modified":"2022-03-16T10:09:53","modified_gmt":"2022-03-16T09:09:53","slug":"conference-in-dalarna","status":"publish","type":"page","link":"https:\/\/knappgarden.se\/en\/conference-in-dalarna\/","title":{"rendered":"CONFERENCE IN DALARNA"},"content":{"rendered":"<div id='full_slider_1'  class='avia-fullwidth-slider main_color avia-shadow  av-small-hide av-mini-hide  avia-builder-el-0  el_before_av_slideshow_full  avia-builder-el-first   container_wrap sidebar_right' style=' '  ><div   data-size='featured_large'  data-lightbox_size='large'  data-animation='slide'  data-conditional_play=''  data-ids='562'  data-video_counter='0'  data-autoplay='false'  data-bg_slider='false'  data-slide_height=''  data-handle='av_slideshow_full'  data-interval='5'  data-class=' '  data-el_id=''  data-css_id=''  data-scroll_down=''  data-control_layout='av-control-default'  data-custom_markup=''  data-perma_caption=''  data-autoplay_stopper=''  data-image_attachment=''  data-min_height='0px'  data-lazy_loading='disabled'  data-src=''  data-position='top left'  data-repeat='no-repeat'  data-attach='scroll'  data-stretch=''  data-default-height='32.8125'  class='avia-slideshow avia-slideshow-1  av-control-default av-default-height-applied avia-slideshow-featured_large av_slideshow_full   avia-slide-slider '  itemprop=\"image\" itemscope=\"itemscope\" itemtype=\"https:\/\/schema.org\/ImageObject\" ><ul class='avia-slideshow-inner ' style='padding-bottom: 32.8125%;' ><li  class=' av-single-slide slide-1 ' ><div data-rel='slideshow-1' class='avia-slide-wrap '   ><img decoding=\"async\" class=\"wp-image-824 avia-img-lazy-loading-not-824\"  src=\"https:\/\/knappgarden.se\/wp-content\/uploads\/2022\/01\/konferens-banner-1920x630.png\" width=\"1920\" height=\"630\" title='konferens-banner' alt=''  itemprop=\"thumbnailUrl\" srcset=\"https:\/\/knappgarden.se\/wp-content\/uploads\/2022\/01\/konferens-banner.png 1920w, https:\/\/knappgarden.se\/wp-content\/uploads\/2022\/01\/konferens-banner-300x98.png 300w, https:\/\/knappgarden.se\/wp-content\/uploads\/2022\/01\/konferens-banner-1030x338.png 1030w, https:\/\/knappgarden.se\/wp-content\/uploads\/2022\/01\/konferens-banner-768x252.png 768w, https:\/\/knappgarden.se\/wp-content\/uploads\/2022\/01\/konferens-banner-1536x504.png 1536w, https:\/\/knappgarden.se\/wp-content\/uploads\/2022\/01\/konferens-banner-705x231.png 705w\" sizes=\"(max-width: 1920px) 100vw, 1920px\" \/><\/div><\/li><\/ul><\/div><\/div>\n<div id='full_slider_2'  class='avia-fullwidth-slider main_color avia-shadow  av-desktop-hide av-medium-hide  avia-builder-el-1  el_after_av_slideshow_full  el_before_av_section   slider-not-first container_wrap sidebar_right' style=' '  ><div   data-size='featured'  data-lightbox_size='large'  data-animation='slide'  data-conditional_play=''  data-ids='562'  data-video_counter='0'  data-autoplay='false'  data-bg_slider='false'  data-slide_height=''  data-handle='av_slideshow_full'  data-interval='5'  data-class=' '  data-el_id=''  data-css_id=''  data-scroll_down=''  data-control_layout='av-control-default'  data-custom_markup=''  data-perma_caption=''  data-autoplay_stopper=''  data-image_attachment=''  data-min_height='400px'  data-lazy_loading='disabled'  data-src=''  data-position='top left'  data-repeat='no-repeat'  data-attach='scroll'  data-stretch=''  data-default-height='22.395833333333'  class='avia-slideshow avia-slideshow-2  av-control-default av-default-height-applied avia-slideshow-featured av_slideshow_full   avia-slide-slider '  itemprop=\"image\" itemscope=\"itemscope\" itemtype=\"https:\/\/schema.org\/ImageObject\" ><ul class='avia-slideshow-inner ' style='padding-bottom: 22.395833333333%;' ><li  class=' av-single-slide slide-1 ' ><div data-rel='slideshow-2' class='avia-slide-wrap '   ><img decoding=\"async\" class=\"wp-image-824 avia-img-lazy-loading-not-824\"  src=\"https:\/\/knappgarden.se\/wp-content\/uploads\/2022\/01\/konferens-banner-1920x430.png\" width=\"1920\" height=\"430\" title='konferens-banner' alt=''  itemprop=\"thumbnailUrl\"  style='min-height:400px; min-width:1787px; ' \/><\/div><\/li><\/ul><\/div><\/div>\n<div id='av_section_1'  class='avia-section main_color avia-section-default avia-no-border-styling  avia-bg-style-scroll  avia-builder-el-2  el_after_av_slideshow_full  el_before_av_masonry_gallery   container_wrap sidebar_right' style=' '  ><div class='container' ><div class='template-page content  av-content-small alpha units'><div class='post-entry post-entry-type-page post-entry-906'><div class='entry-content-wrapper clearfix'>\n<div class=\"flex_column av_one_fifth  flex_column_div av-zero-column-padding first  avia-builder-el-3  el_before_av_three_fifth  avia-builder-el-first  \" style='border-radius:0px; '><\/div><div class=\"flex_column av_three_fifth  flex_column_div av-zero-column-padding   avia-builder-el-4  el_after_av_one_fifth  el_before_av_one_fifth  \" style='border-radius:0px; '><p><div  style='padding-bottom:0px; margin:0 0 0 0; ' class='av-special-heading av-special-heading-h1  blockquote modern-quote  avia-builder-el-5  el_before_av_textblock  avia-builder-el-first  '><h1 class='av-special-heading-tag '  itemprop=\"headline\"  >CONFERENCE IN DALARNA<\/h1><div class='special-heading-border'><div class='special-heading-inner-border' ><\/div><\/div><\/div><br \/>\n<section class=\"av_textblock_section \"  itemscope=\"itemscope\" itemtype=\"https:\/\/schema.org\/CreativeWork\" ><div class='avia_textblock  '   itemprop=\"text\" ><p>Why not recharge with energy and creativity by bringing your team for a conference in Dalarna? Organise inspiring meetings and locate your conference to S\u00e4rnaheden, with stunning views over northern Dalarnas mountains and the beautiful \u00d6sterdal\u00e4lven.<\/p>\n<p>To combine creativity, activities and unique food experiences in this environment will make for exceptional memories and adventures. We offer stunning surroundings and clean clear air.<\/p>\n<p>To have a conference with us at Knappg\u00e5rden Fj\u00e4llhotel is an appreciated concept for creating team building and and cooperation within your company . A walk-and-talk up in the mountains can spark the best of ideas.<\/p>\n<p>For private arragements such as weddings or celebrations we are happy to help you make the big day a very special event.<\/p>\n<h2>ACTIV CONFERENCE IN NORTHERN DALARNA<\/h2>\n<p>Irrespective of season there is a lot to do when you come here for a conference in Dalarna. Within close area to the hotel are many activities to suit both the smaller and larger group.<\/p>\n<p>In the winter skiing, dog sledding and snow mobile safari are the most popular. During the spring and summer many visit to fish, paddle a canoe or climbing mountain tops. View all our suggestions for summer and winter activities.<\/p>\n<h4>COMBINE PRODUCTIVITY AND ACTIVITIES WITH KNAPPG\u00c5RDEN\u2019S CONFERENCE PACKAGE<\/h4>\n<p>We know that meetings and arrangements, large and small, are an important investment for every organisation and company. What helps to create a successful conference is that the logisics and the service expected will work smoothly.<\/p>\n<h3>OUR CONFERENCE PACKAGE INCLUDES:<\/h3>\n<ul>\n<li>Coffee, tea and sandwich on arrival.<\/li>\n<li>Lunch with alcohol free drink followed by coffee or tea<\/li>\n<li>Afternoon FIKA<\/li>\n<li>Three course dinner with alcohol free frink followed by coffee or tea.<\/li>\n<li>Hotel room with single occupancy and full breakfast buff\u00e9<\/li>\n<li>Conference room with flip chart, projector and screen. Fruit platter and refreshments.<\/li>\n<\/ul>\n<p>The conference room can seat up to 20 coference delegates comfortably. Here at Knappg\u00e5rden we can sleep 10-12 guests in single rooms and up to 35 guests in shared accommodation.<\/p>\n<p>For larger conference groups or private parties we offer the opportunity for accommodation at the nearby S\u00e4rnaheden Bystuga.<\/p>\n<p>Our standard package is calculated to 1700 Skr excl. moms tax per person and day. This package is based on arrival around 10.00 and departure after breakfast the following day.<\/p>\n<h2>BOOK YOU NEXT CONFERENCE IN DALARNA<\/h2>\n<p>If you would like a tailor made conference package you are welcome to contact us. We will create a package to suit all your needs for a successful conference in Dalarna.<\/p>\n<\/div><\/section><\/p><\/div><div class=\"flex_column av_one_fifth  flex_column_div av-zero-column-padding   avia-builder-el-7  el_after_av_three_fifth  avia-builder-el-last  \" style='border-radius:0px; '><\/div>\n\n<div id='av-masonry-1' class='av-masonry  noHover av-fixed-size av-large-gap av-hover-overlay- av-masonry-animation- av-masonry-col-4 av-caption-always av-caption-style- av-masonry-gallery     '  ><div class='av-masonry-container isotope av-js-disabled ' ><div class='av-masonry-entry isotope-item av-masonry-item-no-image '><\/div><a href=\"https:\/\/knappgarden.se\/wp-content\/uploads\/2022\/01\/IMG_9722-1030x773.jpg\"  aria-label=\"image IMG_9722\"  id='av-masonry-1-item-815' data-av-masonry-item='815' class='av-masonry-entry isotope-item post-815 attachment type-attachment status-inherit hentry  av-masonry-item-with-image' title=\"IMG_9722\" alt=\"\"   itemprop=\"thumbnailUrl\" ><div class='av-inner-masonry-sizer'><\/div><figure class='av-inner-masonry main_color'><div class=\"av-masonry-outerimage-container\"><div class=\"av-masonry-image-container\" style=\"background-image: url(https:\/\/knappgarden.se\/wp-content\/uploads\/2022\/01\/IMG_9722-705x529.jpg);\" title=\"IMG_9722\" ><\/div><\/div><\/figure><\/a><!--end av-masonry entry--><a href=\"https:\/\/knappgarden.se\/wp-content\/uploads\/2022\/01\/IMG_7977-1030x773.jpg\"  aria-label=\"image IMG_7977\"  id='av-masonry-1-item-806' data-av-masonry-item='806' class='av-masonry-entry isotope-item post-806 attachment type-attachment status-inherit hentry  av-masonry-item-with-image' title=\"IMG_7977\" alt=\"\"   itemprop=\"thumbnailUrl\" ><div class='av-inner-masonry-sizer'><\/div><figure class='av-inner-masonry main_color'><div class=\"av-masonry-outerimage-container\"><div class=\"av-masonry-image-container\" style=\"background-image: url(https:\/\/knappgarden.se\/wp-content\/uploads\/2022\/01\/IMG_7977-705x529.jpg);\" title=\"IMG_7977\" ><\/div><\/div><\/figure><\/a><!--end av-masonry entry--><a href=\"https:\/\/knappgarden.se\/wp-content\/uploads\/2022\/01\/IMG_1969-1030x773.jpg\"  aria-label=\"image IMG_1969\"  id='av-masonry-1-item-779' data-av-masonry-item='779' class='av-masonry-entry isotope-item post-779 attachment type-attachment status-inherit hentry  av-masonry-item-with-image' title=\"IMG_1969\" alt=\"\"   itemprop=\"thumbnailUrl\" ><div class='av-inner-masonry-sizer'><\/div><figure class='av-inner-masonry main_color'><div class=\"av-masonry-outerimage-container\"><div class=\"av-masonry-image-container\" style=\"background-image: url(https:\/\/knappgarden.se\/wp-content\/uploads\/2022\/01\/IMG_1969-705x529.jpg);\" title=\"IMG_1969\" ><\/div><\/div><\/figure><\/a><!--end av-masonry entry--><a href=\"https:\/\/knappgarden.se\/wp-content\/uploads\/2022\/01\/IMG_7079-1030x773.jpg\"  aria-label=\"image IMG_7079\"  id='av-masonry-1-item-801' data-av-masonry-item='801' class='av-masonry-entry isotope-item post-801 attachment type-attachment status-inherit hentry  av-masonry-item-with-image' title=\"IMG_7079\" alt=\"\"   itemprop=\"thumbnailUrl\" ><div class='av-inner-masonry-sizer'><\/div><figure class='av-inner-masonry main_color'><div class=\"av-masonry-outerimage-container\"><div class=\"av-masonry-image-container\" style=\"background-image: url(https:\/\/knappgarden.se\/wp-content\/uploads\/2022\/01\/IMG_7079-705x529.jpg);\" title=\"IMG_7079\" ><\/div><\/div><\/figure><\/a><!--end av-masonry entry--><a href=\"https:\/\/knappgarden.se\/wp-content\/uploads\/2022\/01\/IMG_0181-773x1030.jpg\"  aria-label=\"image Sommaraktiviteter i Dalarna\"  id='av-masonry-1-item-759' data-av-masonry-item='759' class='av-masonry-entry isotope-item post-759 attachment type-attachment status-inherit hentry  av-masonry-item-with-image' title=\"Sommaraktiviteter i Dalarna\" alt=\"\"   itemprop=\"thumbnailUrl\" ><div class='av-inner-masonry-sizer'><\/div><figure class='av-inner-masonry main_color'><div class=\"av-masonry-outerimage-container\"><div class=\"av-masonry-image-container\" style=\"background-image: url(https:\/\/knappgarden.se\/wp-content\/uploads\/2022\/01\/IMG_0181-529x705.jpg);\" title=\"Sommaraktiviteter i Dalarna\" ><\/div><\/div><\/figure><\/a><!--end av-masonry entry--><a href=\"https:\/\/knappgarden.se\/wp-content\/uploads\/2022\/01\/IMG_2664-1030x773.jpg\"  aria-label=\"image Knappg\u00e5rden Fj\u00e4llhotell i Dalarna, i S\u00e4rna, n\u00e4ra Idre\"  id='av-masonry-1-item-727' data-av-masonry-item='727' class='av-masonry-entry isotope-item post-727 attachment type-attachment status-inherit hentry  av-masonry-item-with-image' title=\"Knappg\u00e5rden Fj\u00e4llhotell i Dalarna, i S\u00e4rna, n\u00e4ra Idre\" alt=\"\"   itemprop=\"thumbnailUrl\" ><div class='av-inner-masonry-sizer'><\/div><figure class='av-inner-masonry main_color'><div class=\"av-masonry-outerimage-container\"><div class=\"av-masonry-image-container\" style=\"background-image: url(https:\/\/knappgarden.se\/wp-content\/uploads\/2022\/01\/IMG_2664-705x529.jpg);\" title=\"Knappg\u00e5rden Fj\u00e4llhotell i Dalarna, i S\u00e4rna, n\u00e4ra Idre\" ><\/div><\/div><\/figure><\/a><!--end av-masonry entry--><\/div><\/div>\n","protected":false},"excerpt":{"rendered":"","protected":false},"author":2,"featured_media":815,"parent":0,"menu_order":0,"comment_status":"closed","ping_status":"closed","template":"","meta":{"footnotes":""},"class_list":["post-906","page","type-page","status-publish","has-post-thumbnail","hentry"],"yoast_head":"<!-- This site is optimized with the Yoast SEO plugin v25.1 - https:\/\/yoast.com\/wordpress\/plugins\/seo\/ -->\n<title>CONFERENCE IN DALARNA - Knappg\u00e5rden Fj\u00e4llhotell<\/title>\n<meta name=\"description\" content=\"Conference in Dalarna. Why not recharge with energy and creativity by bringing your team for a conference on Knappg\u00e5rden?\" \/>\n<meta name=\"robots\" content=\"index, follow, max-snippet:-1, max-image-preview:large, max-video-preview:-1\" \/>\n<link rel=\"canonical\" href=\"https:\/\/knappgarden.se\/en\/conference-in-dalarna\/\" \/>\n<meta property=\"og:locale\" content=\"en_US\" \/>\n<meta property=\"og:type\" content=\"article\" \/>\n<meta property=\"og:title\" content=\"CONFERENCE IN DALARNA - Knappg\u00e5rden Fj\u00e4llhotell\" \/>\n<meta property=\"og:description\" content=\"Conference in Dalarna. Why not recharge with energy and creativity by bringing your team for a conference on Knappg\u00e5rden?\" \/>\n<meta property=\"og:url\" content=\"https:\/\/knappgarden.se\/en\/conference-in-dalarna\/\" \/>\n<meta property=\"og:site_name\" content=\"Knappg\u00e5rden Fj\u00e4llhotell\" \/>\n<meta property=\"article:modified_time\" content=\"2022-03-16T09:09:53+00:00\" \/>\n<meta property=\"og:image\" content=\"https:\/\/knappgarden.se\/wp-content\/uploads\/2022\/01\/IMG_9722-1030x773.jpg\" \/>\n\t<meta property=\"og:image:width\" content=\"1030\" \/>\n\t<meta property=\"og:image:height\" content=\"773\" \/>\n\t<meta property=\"og:image:type\" content=\"image\/jpeg\" \/>\n<meta name=\"twitter:card\" content=\"summary_large_image\" \/>\n<meta name=\"twitter:label1\" content=\"Est. reading time\" \/>\n\t<meta name=\"twitter:data1\" content=\"4 minutes\" \/>\n<script type=\"application\/ld+json\" class=\"yoast-schema-graph\">{\"@context\":\"https:\/\/schema.org\",\"@graph\":[{\"@type\":\"WebPage\",\"@id\":\"https:\/\/knappgarden.se\/en\/conference-in-dalarna\/\",\"url\":\"https:\/\/knappgarden.se\/en\/conference-in-dalarna\/\",\"name\":\"CONFERENCE IN DALARNA - Knappg\u00e5rden Fj\u00e4llhotell\",\"isPartOf\":{\"@id\":\"https:\/\/knappgarden.se\/#website\"},\"primaryImageOfPage\":{\"@id\":\"https:\/\/knappgarden.se\/en\/conference-in-dalarna\/#primaryimage\"},\"image\":{\"@id\":\"https:\/\/knappgarden.se\/en\/conference-in-dalarna\/#primaryimage\"},\"thumbnailUrl\":\"https:\/\/knappgarden.se\/wp-content\/uploads\/2022\/01\/IMG_9722-scaled.jpg\",\"datePublished\":\"2021-12-02T14:05:51+00:00\",\"dateModified\":\"2022-03-16T09:09:53+00:00\",\"description\":\"Conference in Dalarna. Why not recharge with energy and creativity by bringing your team for a conference on Knappg\u00e5rden?\",\"breadcrumb\":{\"@id\":\"https:\/\/knappgarden.se\/en\/conference-in-dalarna\/#breadcrumb\"},\"inLanguage\":\"en-US\",\"potentialAction\":[{\"@type\":\"ReadAction\",\"target\":[\"https:\/\/knappgarden.se\/en\/conference-in-dalarna\/\"]}]},{\"@type\":\"ImageObject\",\"inLanguage\":\"en-US\",\"@id\":\"https:\/\/knappgarden.se\/en\/conference-in-dalarna\/#primaryimage\",\"url\":\"https:\/\/knappgarden.se\/wp-content\/uploads\/2022\/01\/IMG_9722-scaled.jpg\",\"contentUrl\":\"https:\/\/knappgarden.se\/wp-content\/uploads\/2022\/01\/IMG_9722-scaled.jpg\",\"width\":2560,\"height\":1920},{\"@type\":\"BreadcrumbList\",\"@id\":\"https:\/\/knappgarden.se\/en\/conference-in-dalarna\/#breadcrumb\",\"itemListElement\":[{\"@type\":\"ListItem\",\"position\":1,\"name\":\"Hem\",\"item\":\"https:\/\/knappgarden.se\/en\/hem\/\"},{\"@type\":\"ListItem\",\"position\":2,\"name\":\"CONFERENCE IN DALARNA\"}]},{\"@type\":\"WebSite\",\"@id\":\"https:\/\/knappgarden.se\/#website\",\"url\":\"https:\/\/knappgarden.se\/\",\"name\":\"Knappg\u00e5rden Fj\u00e4llhotell\",\"description\":\"V\u00e4lkommen att bo och \u00e4ta gott i Norra Dalarnas Fj\u00e4llv\u00e4rld\",\"potentialAction\":[{\"@type\":\"SearchAction\",\"target\":{\"@type\":\"EntryPoint\",\"urlTemplate\":\"https:\/\/knappgarden.se\/?s={search_term_string}\"},\"query-input\":{\"@type\":\"PropertyValueSpecification\",\"valueRequired\":true,\"valueName\":\"search_term_string\"}}],\"inLanguage\":\"en-US\"}]}<\/script>\n<!-- \/ Yoast SEO plugin. -->","yoast_head_json":{"title":"CONFERENCE IN DALARNA - Knappg\u00e5rden Fj\u00e4llhotell","description":"Conference in Dalarna. Why not recharge with energy and creativity by bringing your team for a conference on Knappg\u00e5rden?","robots":{"index":"index","follow":"follow","max-snippet":"max-snippet:-1","max-image-preview":"max-image-preview:large","max-video-preview":"max-video-preview:-1"},"canonical":"https:\/\/knappgarden.se\/en\/conference-in-dalarna\/","og_locale":"en_US","og_type":"article","og_title":"CONFERENCE IN DALARNA - Knappg\u00e5rden Fj\u00e4llhotell","og_description":"Conference in Dalarna. Why not recharge with energy and creativity by bringing your team for a conference on Knappg\u00e5rden?","og_url":"https:\/\/knappgarden.se\/en\/conference-in-dalarna\/","og_site_name":"Knappg\u00e5rden Fj\u00e4llhotell","article_modified_time":"2022-03-16T09:09:53+00:00","og_image":[{"width":1030,"height":773,"url":"https:\/\/knappgarden.se\/wp-content\/uploads\/2022\/01\/IMG_9722-1030x773.jpg","type":"image\/jpeg"}],"twitter_card":"summary_large_image","twitter_misc":{"Est. reading time":"4 minutes"},"schema":{"@context":"https:\/\/schema.org","@graph":[{"@type":"WebPage","@id":"https:\/\/knappgarden.se\/en\/conference-in-dalarna\/","url":"https:\/\/knappgarden.se\/en\/conference-in-dalarna\/","name":"CONFERENCE IN DALARNA - Knappg\u00e5rden Fj\u00e4llhotell","isPartOf":{"@id":"https:\/\/knappgarden.se\/#website"},"primaryImageOfPage":{"@id":"https:\/\/knappgarden.se\/en\/conference-in-dalarna\/#primaryimage"},"image":{"@id":"https:\/\/knappgarden.se\/en\/conference-in-dalarna\/#primaryimage"},"thumbnailUrl":"https:\/\/knappgarden.se\/wp-content\/uploads\/2022\/01\/IMG_9722-scaled.jpg","datePublished":"2021-12-02T14:05:51+00:00","dateModified":"2022-03-16T09:09:53+00:00","description":"Conference in Dalarna. Why not recharge with energy and creativity by bringing your team for a conference on Knappg\u00e5rden?","breadcrumb":{"@id":"https:\/\/knappgarden.se\/en\/conference-in-dalarna\/#breadcrumb"},"inLanguage":"en-US","potentialAction":[{"@type":"ReadAction","target":["https:\/\/knappgarden.se\/en\/conference-in-dalarna\/"]}]},{"@type":"ImageObject","inLanguage":"en-US","@id":"https:\/\/knappgarden.se\/en\/conference-in-dalarna\/#primaryimage","url":"https:\/\/knappgarden.se\/wp-content\/uploads\/2022\/01\/IMG_9722-scaled.jpg","contentUrl":"https:\/\/knappgarden.se\/wp-content\/uploads\/2022\/01\/IMG_9722-scaled.jpg","width":2560,"height":1920},{"@type":"BreadcrumbList","@id":"https:\/\/knappgarden.se\/en\/conference-in-dalarna\/#breadcrumb","itemListElement":[{"@type":"ListItem","position":1,"name":"Hem","item":"https:\/\/knappgarden.se\/en\/hem\/"},{"@type":"ListItem","position":2,"name":"CONFERENCE IN DALARNA"}]},{"@type":"WebSite","@id":"https:\/\/knappgarden.se\/#website","url":"https:\/\/knappgarden.se\/","name":"Knappg\u00e5rden Fj\u00e4llhotell","description":"V\u00e4lkommen att bo och \u00e4ta gott i Norra Dalarnas Fj\u00e4llv\u00e4rld","potentialAction":[{"@type":"SearchAction","target":{"@type":"EntryPoint","urlTemplate":"https:\/\/knappgarden.se\/?s={search_term_string}"},"query-input":{"@type":"PropertyValueSpecification","valueRequired":true,"valueName":"search_term_string"}}],"inLanguage":"en-US"}]}},"_links":{"self":[{"href":"https:\/\/knappgarden.se\/en\/wp-json\/wp\/v2\/pages\/906","targetHints":{"allow":["GET"]}}],"collection":[{"href":"https:\/\/knappgarden.se\/en\/wp-json\/wp\/v2\/pages"}],"about":[{"href":"https:\/\/knappgarden.se\/en\/wp-json\/wp\/v2\/types\/page"}],"author":[{"embeddable":true,"href":"https:\/\/knappgarden.se\/en\/wp-json\/wp\/v2\/users\/2"}],"replies":[{"embeddable":true,"href":"https:\/\/knappgarden.se\/en\/wp-json\/wp\/v2\/comments?post=906"}],"version-history":[{"count":5,"href":"https:\/\/knappgarden.se\/en\/wp-json\/wp\/v2\/pages\/906\/revisions"}],"predecessor-version":[{"id":3656,"href":"https:\/\/knappgarden.se\/en\/wp-json\/wp\/v2\/pages\/906\/revisions\/3656"}],"wp:featuredmedia":[{"embeddable":true,"href":"https:\/\/knappgarden.se\/en\/wp-json\/wp\/v2\/media\/815"}],"wp:attachment":[{"href":"https:\/\/knappgarden.se\/en\/wp-json\/wp\/v2\/media?parent=906"}],"curies":[{"name":"wp","href":"https:\/\/api.w.org\/{rel}","templated":true}]}}