{"id":911,"date":"2021-12-02T15:06:19","date_gmt":"2021-12-02T14:06:19","guid":{"rendered":"https:\/\/knappgarden.se\/kontakta-oss\/"},"modified":"2023-05-16T14:33:05","modified_gmt":"2023-05-16T12:33:05","slug":"contact-us","status":"publish","type":"page","link":"https:\/\/knappgarden.se\/en\/contact-us\/","title":{"rendered":"Contact us"},"content":{"rendered":"<div id='full_slider_1'  class='avia-fullwidth-slider main_color avia-shadow  av-small-hide av-mini-hide  avia-builder-el-0  el_before_av_slideshow_full  avia-builder-el-first   container_wrap sidebar_right' style=' '  ><div   data-size='featured_large'  data-lightbox_size='large'  data-animation='slide'  data-conditional_play=''  data-ids='1074'  data-video_counter='0'  data-autoplay='false'  data-bg_slider='false'  data-slide_height=''  data-handle='av_slideshow_full'  data-interval='5'  data-class=' '  data-el_id=''  data-css_id=''  data-scroll_down=''  data-control_layout='av-control-default'  data-custom_markup=''  data-perma_caption=''  data-autoplay_stopper=''  data-image_attachment=''  data-min_height='0px'  data-lazy_loading='disabled'  data-src=''  data-position='top left'  data-repeat='no-repeat'  data-attach='scroll'  data-stretch=''  data-default-height='32.8125'  class='avia-slideshow avia-slideshow-1  av-control-default av-default-height-applied avia-slideshow-featured_large av_slideshow_full   avia-slide-slider '  itemprop=\"image\" itemscope=\"itemscope\" itemtype=\"https:\/\/schema.org\/ImageObject\" ><ul class='avia-slideshow-inner ' style='padding-bottom: 32.8125%;' ><li  class=' av-single-slide slide-1 ' ><div data-rel='slideshow-1' class='avia-slide-wrap '   ><img decoding=\"async\" class=\"wp-image-1074 avia-img-lazy-loading-not-1074\"  src=\"https:\/\/knappgarden.se\/wp-content\/uploads\/2022\/03\/banner-1920x630.jpg\" width=\"1920\" height=\"630\" title='banner' alt=''  itemprop=\"thumbnailUrl\"   \/><\/div><\/li><\/ul><\/div><\/div>\n<div id='full_slider_2'  class='avia-fullwidth-slider main_color avia-shadow  av-desktop-hide av-medium-hide  avia-builder-el-1  el_after_av_slideshow_full  el_before_av_section   slider-not-first container_wrap sidebar_right' style=' '  ><div   data-size='featured'  data-lightbox_size='large'  data-animation='slide'  data-conditional_play=''  data-ids='1074'  data-video_counter='0'  data-autoplay='false'  data-bg_slider='false'  data-slide_height=''  data-handle='av_slideshow_full'  data-interval='5'  data-class=' '  data-el_id=''  data-css_id=''  data-scroll_down=''  data-control_layout='av-control-default'  data-custom_markup=''  data-perma_caption=''  data-autoplay_stopper=''  data-image_attachment=''  data-min_height='400px'  data-lazy_loading='disabled'  data-src=''  data-position='top left'  data-repeat='no-repeat'  data-attach='scroll'  data-stretch=''  data-default-height='22.395833333333'  class='avia-slideshow avia-slideshow-2  av-control-default av-default-height-applied avia-slideshow-featured av_slideshow_full   avia-slide-slider '  itemprop=\"image\" itemscope=\"itemscope\" itemtype=\"https:\/\/schema.org\/ImageObject\" ><ul class='avia-slideshow-inner ' style='padding-bottom: 22.395833333333%;' ><li  class=' av-single-slide slide-1 ' ><div data-rel='slideshow-2' class='avia-slide-wrap '   ><img decoding=\"async\" class=\"wp-image-1074 avia-img-lazy-loading-not-1074\"  src=\"https:\/\/knappgarden.se\/wp-content\/uploads\/2022\/03\/banner-1920x430.jpg\" width=\"1920\" height=\"430\" title='banner' alt=''  itemprop=\"thumbnailUrl\"  style='min-height:400px; min-width:1787px; ' \/><\/div><\/li><\/ul><\/div><\/div>\n<div id='av_section_1'  class='avia-section main_color avia-section-default avia-no-border-styling  avia-bg-style-scroll  avia-builder-el-2  el_after_av_slideshow_full  el_before_av_section   container_wrap sidebar_right' style=' '  ><div class='container' ><div class='template-page content  av-content-small alpha units'><div class='post-entry post-entry-type-page post-entry-911'><div class='entry-content-wrapper clearfix'>\n<div  style='padding-bottom:20px; ' class='av-special-heading av-special-heading-h1  blockquote modern-quote modern-centered  avia-builder-el-3  el_before_av_one_third  avia-builder-el-first  '><h1 class='av-special-heading-tag '  itemprop=\"headline\"  >Contact us<\/h1><div class='special-heading-border'><div class='special-heading-inner-border' ><\/div><\/div><\/div>\n<div class=\"flex_column av_one_third  flex_column_div av-zero-column-padding first  avia-builder-el-4  el_after_av_heading  el_before_av_one_third  \" style='border-radius:0px; '><article  class=\"iconbox iconbox_top main_color    avia-builder-el-5  avia-builder-el-no-sibling  \"  itemscope=\"itemscope\" itemtype=\"https:\/\/schema.org\/CreativeWork\" ><div class=\"iconbox_content\"><header class=\"entry-content-header\"><div class=\"iconbox_icon heading-color\" aria-hidden='true' data-av_icon='\ue842' data-av_iconfont='entypo-fontello'  ><\/div><h4 class='iconbox_content_title  '  itemprop=\"headline\"  >Address<\/h4><\/header><div class='iconbox_content_container  '  itemprop=\"text\"  ><p>Heav\u00e4gen 51<br \/>\n790 90 S\u00e4rna<br \/>\nSweden<\/p>\n<\/div><\/div><footer class=\"entry-footer\"><\/footer><\/article><\/div><div class=\"flex_column av_one_third  flex_column_div av-zero-column-padding   avia-builder-el-6  el_after_av_one_third  el_before_av_one_third  \" style='border-radius:0px; '><article  class=\"iconbox iconbox_top main_color    avia-builder-el-7  avia-builder-el-no-sibling  \"  itemscope=\"itemscope\" itemtype=\"https:\/\/schema.org\/CreativeWork\" ><div class=\"iconbox_content\"><header class=\"entry-content-header\"><div class=\"iconbox_icon heading-color\" aria-hidden='true' data-av_icon='\ue8ac' data-av_iconfont='entypo-fontello'  ><\/div><h4 class='iconbox_content_title  '  itemprop=\"headline\"  >Phonenumber<\/h4><\/header><div class='iconbox_content_container  '  itemprop=\"text\"  ><p><a href=\"tel:+4625318060\">+46(0)253-180 60<\/a><\/p>\n<\/div><\/div><footer class=\"entry-footer\"><\/footer><\/article><\/div><div class=\"flex_column av_one_third  flex_column_div av-zero-column-padding   avia-builder-el-8  el_after_av_one_third  avia-builder-el-last  \" style='border-radius:0px; '><article  class=\"iconbox iconbox_top main_color    avia-builder-el-9  avia-builder-el-no-sibling  \"  itemscope=\"itemscope\" itemtype=\"https:\/\/schema.org\/CreativeWork\" ><div class=\"iconbox_content\"><header class=\"entry-content-header\"><div class=\"iconbox_icon heading-color\" aria-hidden='true' data-av_icon='\ue805' data-av_iconfont='entypo-fontello'  ><\/div><h4 class='iconbox_content_title  '  itemprop=\"headline\"  >E-mail<\/h4><\/header><div class='iconbox_content_container  '  itemprop=\"text\"  ><p><a href=\"mailto:info@knappgarden.se\">info@knappgarden.se<\/a><\/p>\n<\/div><\/div><footer class=\"entry-footer\"><\/footer><\/article><\/div><\/div><\/div><\/div><!-- close content main div --><\/div><\/div><div id='av_section_2'  class='avia-section main_color avia-section-default avia-no-border-styling  avia-bg-style-scroll  avia-builder-el-10  el_after_av_section  el_before_av_layout_row   container_wrap sidebar_right' style='background-color: #f8f9f7;  '  ><div class='container' ><div class='template-page content  av-content-small alpha units'><div class='post-entry post-entry-type-page post-entry-911'><div class='entry-content-wrapper clearfix'>\n<div class=\"flex_column av_one_full  flex_column_div av-zero-column-padding first  avia-builder-el-11  avia-builder-el-no-sibling  \" style='margin-top:0px; margin-bottom:0px; border-radius:0px; '><\/div>\n<\/p>\n<\/div><\/div><\/div><!-- close content main div --><\/div><\/div><div id='av-layout-grid-1'  class='av-layout-grid-container entry-content-wrapper main_color av-flex-cells     avia-builder-el-13  el_after_av_section  avia-builder-el-last  submenu-not-first container_wrap sidebar_right' style=' '  >\n<div class=\"flex_cell no_margin av_one_full  avia-builder-el-14  avia-builder-el-no-sibling   av-zero-padding \"  style='vertical-align:top; padding:0; ' ><div class='flex_cell_inner' >\n<\/div><\/div>\n<\/div>\n","protected":false},"excerpt":{"rendered":"","protected":false},"author":2,"featured_media":714,"parent":0,"menu_order":0,"comment_status":"closed","ping_status":"closed","template":"","meta":{"footnotes":""},"class_list":["post-911","page","type-page","status-publish","has-post-thumbnail","hentry"],"yoast_head":"<!-- This site is optimized with the Yoast SEO plugin v25.1 - https:\/\/yoast.com\/wordpress\/plugins\/seo\/ -->\n<title>Contact us - Knappg\u00e5rden Fj\u00e4llhotell<\/title>\n<meta name=\"robots\" content=\"index, follow, max-snippet:-1, max-image-preview:large, max-video-preview:-1\" \/>\n<link rel=\"canonical\" href=\"https:\/\/knappgarden.se\/en\/contact-us\/\" \/>\n<meta property=\"og:locale\" content=\"en_US\" \/>\n<meta property=\"og:type\" content=\"article\" \/>\n<meta property=\"og:title\" content=\"Contact us - Knappg\u00e5rden Fj\u00e4llhotell\" \/>\n<meta property=\"og:url\" content=\"https:\/\/knappgarden.se\/en\/contact-us\/\" \/>\n<meta property=\"og:site_name\" content=\"Knappg\u00e5rden Fj\u00e4llhotell\" \/>\n<meta property=\"article:modified_time\" content=\"2023-05-16T12:33:05+00:00\" \/>\n<meta property=\"og:image\" content=\"https:\/\/knappgarden.se\/wp-content\/uploads\/2021\/12\/knappgarden-banner.png\" \/>\n\t<meta property=\"og:image:width\" content=\"1920\" \/>\n\t<meta property=\"og:image:height\" content=\"700\" \/>\n\t<meta property=\"og:image:type\" content=\"image\/png\" \/>\n<meta name=\"twitter:card\" content=\"summary_large_image\" \/>\n<meta name=\"twitter:label1\" content=\"Est. reading time\" \/>\n\t<meta name=\"twitter:data1\" content=\"3 minutes\" \/>\n<script type=\"application\/ld+json\" class=\"yoast-schema-graph\">{\"@context\":\"https:\/\/schema.org\",\"@graph\":[{\"@type\":\"WebPage\",\"@id\":\"https:\/\/knappgarden.se\/en\/contact-us\/\",\"url\":\"https:\/\/knappgarden.se\/en\/contact-us\/\",\"name\":\"Contact us - Knappg\u00e5rden Fj\u00e4llhotell\",\"isPartOf\":{\"@id\":\"https:\/\/knappgarden.se\/#website\"},\"primaryImageOfPage\":{\"@id\":\"https:\/\/knappgarden.se\/en\/contact-us\/#primaryimage\"},\"image\":{\"@id\":\"https:\/\/knappgarden.se\/en\/contact-us\/#primaryimage\"},\"thumbnailUrl\":\"https:\/\/knappgarden.se\/wp-content\/uploads\/2021\/12\/knappgarden-banner.png\",\"datePublished\":\"2021-12-02T14:06:19+00:00\",\"dateModified\":\"2023-05-16T12:33:05+00:00\",\"breadcrumb\":{\"@id\":\"https:\/\/knappgarden.se\/en\/contact-us\/#breadcrumb\"},\"inLanguage\":\"en-US\",\"potentialAction\":[{\"@type\":\"ReadAction\",\"target\":[\"https:\/\/knappgarden.se\/en\/contact-us\/\"]}]},{\"@type\":\"ImageObject\",\"inLanguage\":\"en-US\",\"@id\":\"https:\/\/knappgarden.se\/en\/contact-us\/#primaryimage\",\"url\":\"https:\/\/knappgarden.se\/wp-content\/uploads\/2021\/12\/knappgarden-banner.png\",\"contentUrl\":\"https:\/\/knappgarden.se\/wp-content\/uploads\/2021\/12\/knappgarden-banner.png\",\"width\":1920,\"height\":700},{\"@type\":\"BreadcrumbList\",\"@id\":\"https:\/\/knappgarden.se\/en\/contact-us\/#breadcrumb\",\"itemListElement\":[{\"@type\":\"ListItem\",\"position\":1,\"name\":\"Hem\",\"item\":\"https:\/\/knappgarden.se\/en\/hem\/\"},{\"@type\":\"ListItem\",\"position\":2,\"name\":\"Contact us\"}]},{\"@type\":\"WebSite\",\"@id\":\"https:\/\/knappgarden.se\/#website\",\"url\":\"https:\/\/knappgarden.se\/\",\"name\":\"Knappg\u00e5rden Fj\u00e4llhotell\",\"description\":\"V\u00e4lkommen att bo och \u00e4ta gott i Norra Dalarnas Fj\u00e4llv\u00e4rld\",\"potentialAction\":[{\"@type\":\"SearchAction\",\"target\":{\"@type\":\"EntryPoint\",\"urlTemplate\":\"https:\/\/knappgarden.se\/?s={search_term_string}\"},\"query-input\":{\"@type\":\"PropertyValueSpecification\",\"valueRequired\":true,\"valueName\":\"search_term_string\"}}],\"inLanguage\":\"en-US\"}]}<\/script>\n<!-- \/ Yoast SEO plugin. -->","yoast_head_json":{"title":"Contact us - Knappg\u00e5rden Fj\u00e4llhotell","robots":{"index":"index","follow":"follow","max-snippet":"max-snippet:-1","max-image-preview":"max-image-preview:large","max-video-preview":"max-video-preview:-1"},"canonical":"https:\/\/knappgarden.se\/en\/contact-us\/","og_locale":"en_US","og_type":"article","og_title":"Contact us - Knappg\u00e5rden Fj\u00e4llhotell","og_url":"https:\/\/knappgarden.se\/en\/contact-us\/","og_site_name":"Knappg\u00e5rden Fj\u00e4llhotell","article_modified_time":"2023-05-16T12:33:05+00:00","og_image":[{"width":1920,"height":700,"url":"https:\/\/knappgarden.se\/wp-content\/uploads\/2021\/12\/knappgarden-banner.png","type":"image\/png"}],"twitter_card":"summary_large_image","twitter_misc":{"Est. reading time":"3 minutes"},"schema":{"@context":"https:\/\/schema.org","@graph":[{"@type":"WebPage","@id":"https:\/\/knappgarden.se\/en\/contact-us\/","url":"https:\/\/knappgarden.se\/en\/contact-us\/","name":"Contact us - Knappg\u00e5rden Fj\u00e4llhotell","isPartOf":{"@id":"https:\/\/knappgarden.se\/#website"},"primaryImageOfPage":{"@id":"https:\/\/knappgarden.se\/en\/contact-us\/#primaryimage"},"image":{"@id":"https:\/\/knappgarden.se\/en\/contact-us\/#primaryimage"},"thumbnailUrl":"https:\/\/knappgarden.se\/wp-content\/uploads\/2021\/12\/knappgarden-banner.png","datePublished":"2021-12-02T14:06:19+00:00","dateModified":"2023-05-16T12:33:05+00:00","breadcrumb":{"@id":"https:\/\/knappgarden.se\/en\/contact-us\/#breadcrumb"},"inLanguage":"en-US","potentialAction":[{"@type":"ReadAction","target":["https:\/\/knappgarden.se\/en\/contact-us\/"]}]},{"@type":"ImageObject","inLanguage":"en-US","@id":"https:\/\/knappgarden.se\/en\/contact-us\/#primaryimage","url":"https:\/\/knappgarden.se\/wp-content\/uploads\/2021\/12\/knappgarden-banner.png","contentUrl":"https:\/\/knappgarden.se\/wp-content\/uploads\/2021\/12\/knappgarden-banner.png","width":1920,"height":700},{"@type":"BreadcrumbList","@id":"https:\/\/knappgarden.se\/en\/contact-us\/#breadcrumb","itemListElement":[{"@type":"ListItem","position":1,"name":"Hem","item":"https:\/\/knappgarden.se\/en\/hem\/"},{"@type":"ListItem","position":2,"name":"Contact us"}]},{"@type":"WebSite","@id":"https:\/\/knappgarden.se\/#website","url":"https:\/\/knappgarden.se\/","name":"Knappg\u00e5rden Fj\u00e4llhotell","description":"V\u00e4lkommen att bo och \u00e4ta gott i Norra Dalarnas Fj\u00e4llv\u00e4rld","potentialAction":[{"@type":"SearchAction","target":{"@type":"EntryPoint","urlTemplate":"https:\/\/knappgarden.se\/?s={search_term_string}"},"query-input":{"@type":"PropertyValueSpecification","valueRequired":true,"valueName":"search_term_string"}}],"inLanguage":"en-US"}]}},"_links":{"self":[{"href":"https:\/\/knappgarden.se\/en\/wp-json\/wp\/v2\/pages\/911","targetHints":{"allow":["GET"]}}],"collection":[{"href":"https:\/\/knappgarden.se\/en\/wp-json\/wp\/v2\/pages"}],"about":[{"href":"https:\/\/knappgarden.se\/en\/wp-json\/wp\/v2\/types\/page"}],"author":[{"embeddable":true,"href":"https:\/\/knappgarden.se\/en\/wp-json\/wp\/v2\/users\/2"}],"replies":[{"embeddable":true,"href":"https:\/\/knappgarden.se\/en\/wp-json\/wp\/v2\/comments?post=911"}],"version-history":[{"count":5,"href":"https:\/\/knappgarden.se\/en\/wp-json\/wp\/v2\/pages\/911\/revisions"}],"predecessor-version":[{"id":2087,"href":"https:\/\/knappgarden.se\/en\/wp-json\/wp\/v2\/pages\/911\/revisions\/2087"}],"wp:featuredmedia":[{"embeddable":true,"href":"https:\/\/knappgarden.se\/en\/wp-json\/wp\/v2\/media\/714"}],"wp:attachment":[{"href":"https:\/\/knappgarden.se\/en\/wp-json\/wp\/v2\/media?parent=911"}],"curies":[{"name":"wp","href":"https:\/\/api.w.org\/{rel}","templated":true}]}}