{"id":952,"date":"2021-12-06T12:29:35","date_gmt":"2021-12-06T11:29:35","guid":{"rendered":"https:\/\/knappgarden.se\/mat-sarna\/"},"modified":"2025-10-06T13:51:16","modified_gmt":"2025-10-06T11:51:16","slug":"food","status":"publish","type":"page","link":"https:\/\/knappgarden.se\/en\/food\/","title":{"rendered":"Food"},"content":{"rendered":"<div id='full_slider_1'  class='avia-fullwidth-slider main_color avia-shadow  av-small-hide av-mini-hide  avia-builder-el-0  el_before_av_slideshow_full  avia-builder-el-first   container_wrap sidebar_right' style=' '  ><div   data-size='featured_large'  data-lightbox_size='large'  data-animation='slide'  data-conditional_play=''  data-ids='565'  data-video_counter='0'  data-autoplay='false'  data-bg_slider='false'  data-slide_height=''  data-handle='av_slideshow_full'  data-interval='5'  data-class=' '  data-el_id=''  data-css_id=''  data-scroll_down=''  data-control_layout='av-control-default'  data-custom_markup=''  data-perma_caption=''  data-autoplay_stopper=''  data-image_attachment=''  data-min_height='0px'  data-lazy_loading='disabled'  data-src=''  data-position='top left'  data-repeat='no-repeat'  data-attach='scroll'  data-stretch=''  data-default-height='32.8125'  class='avia-slideshow avia-slideshow-1  av-control-default av-default-height-applied avia-slideshow-featured_large av_slideshow_full   avia-slide-slider '  itemprop=\"image\" itemscope=\"itemscope\" itemtype=\"https:\/\/schema.org\/ImageObject\" ><ul class='avia-slideshow-inner ' style='padding-bottom: 32.8125%;' ><li  class=' av-single-slide slide-1 ' ><div data-rel='slideshow-1' class='avia-slide-wrap '   ><img decoding=\"async\" class=\"wp-image-825 avia-img-lazy-loading-not-825\"  src=\"https:\/\/knappgarden.se\/wp-content\/uploads\/2022\/01\/mat-banner-1920x630.png\" width=\"1920\" height=\"630\" title='mat-banner' alt=''  itemprop=\"thumbnailUrl\" srcset=\"https:\/\/knappgarden.se\/wp-content\/uploads\/2022\/01\/mat-banner.png 1920w, https:\/\/knappgarden.se\/wp-content\/uploads\/2022\/01\/mat-banner-300x98.png 300w, https:\/\/knappgarden.se\/wp-content\/uploads\/2022\/01\/mat-banner-1030x338.png 1030w, https:\/\/knappgarden.se\/wp-content\/uploads\/2022\/01\/mat-banner-768x252.png 768w, https:\/\/knappgarden.se\/wp-content\/uploads\/2022\/01\/mat-banner-1536x504.png 1536w, https:\/\/knappgarden.se\/wp-content\/uploads\/2022\/01\/mat-banner-705x231.png 705w\" sizes=\"(max-width: 1920px) 100vw, 1920px\" \/><\/div><\/li><\/ul><\/div><\/div>\n<div id='full_slider_2'  class='avia-fullwidth-slider main_color avia-shadow  av-desktop-hide av-medium-hide  avia-builder-el-1  el_after_av_slideshow_full  el_before_av_section   slider-not-first container_wrap sidebar_right' style=' '  ><div   data-size='featured'  data-lightbox_size='large'  data-animation='slide'  data-conditional_play=''  data-ids='758'  data-video_counter='0'  data-autoplay='false'  data-bg_slider='false'  data-slide_height=''  data-handle='av_slideshow_full'  data-interval='5'  data-class=' '  data-el_id=''  data-css_id=''  data-scroll_down=''  data-control_layout='av-control-default'  data-custom_markup=''  data-perma_caption=''  data-autoplay_stopper=''  data-image_attachment=''  data-min_height='400px'  data-lazy_loading='disabled'  data-src=''  data-position='top left'  data-repeat='no-repeat'  data-attach='scroll'  data-stretch=''  data-default-height='22.395833333333'  class='avia-slideshow avia-slideshow-2  av-control-default av-default-height-applied avia-slideshow-featured av_slideshow_full   avia-slide-slider '  itemprop=\"image\" itemscope=\"itemscope\" itemtype=\"https:\/\/schema.org\/ImageObject\" ><ul class='avia-slideshow-inner ' style='padding-bottom: 22.395833333333%;' ><li  class=' av-single-slide slide-1 ' ><div data-rel='slideshow-2' class='avia-slide-wrap '   ><img decoding=\"async\" class=\"wp-image-758 avia-img-lazy-loading-not-758\"  src=\"https:\/\/knappgarden.se\/wp-content\/uploads\/2022\/01\/IMG_0113-1920x430.jpg\" width=\"1920\" height=\"430\" title='IMG_0113' alt=''  itemprop=\"thumbnailUrl\"  style='min-height:400px; min-width:1787px; ' \/><\/div><\/li><\/ul><\/div><\/div>\n<div id='av_section_1'  class='avia-section main_color avia-section-default avia-no-border-styling  avia-bg-style-scroll  avia-builder-el-2  el_after_av_slideshow_full  el_before_av_section   container_wrap sidebar_right' style=' '  ><div class='container' ><div class='template-page content  av-content-small alpha units'><div class='post-entry post-entry-type-page post-entry-952'><div class='entry-content-wrapper clearfix'>\n<div class=\"flex_column av_one_fifth  flex_column_div av-zero-column-padding first  avia-builder-el-3  el_before_av_three_fifth  avia-builder-el-first  \" style='border-radius:0px; '><\/div><div class=\"flex_column av_three_fifth  flex_column_div av-zero-column-padding   avia-builder-el-4  el_after_av_one_fifth  el_before_av_one_fifth  \" style='border-radius:0px; '><p><div  style='padding-bottom:0px; margin:0 0 0 0; ' class='av-special-heading av-special-heading-h1  blockquote modern-quote modern-centered  avia-builder-el-5  el_before_av_textblock  avia-builder-el-first  '><h1 class='av-special-heading-tag '  itemprop=\"headline\"  >FOOD <span class='special_amp'>&amp;<\/span> DRINK AT KNAPPG\u00c5RDEN<\/h1><div class='special-heading-border'><div class='special-heading-inner-border' ><\/div><\/div><\/div><br \/>\n<section class=\"av_textblock_section \"  itemscope=\"itemscope\" itemtype=\"https:\/\/schema.org\/CreativeWork\" ><div class='avia_textblock  '   itemprop=\"text\" ><p style=\"text-align: center;\">Here at Knappg\u00e5rden we are keen to support a living countryside where animals and people will thrive in the future.<\/p>\n<p style=\"text-align: center;\">For this reason we always prefer using locally produced and ecological ingredients.<\/p>\n<p style=\"text-align: center;\">Our evening menues are created according to the season, naturally we offer selected wines and other suitable drinks to enhance your meal.<\/p>\n<\/div><\/section><\/p><\/div><div class=\"flex_column av_one_fifth  flex_column_div av-zero-column-padding   avia-builder-el-7  el_after_av_three_fifth  avia-builder-el-last  \" style='border-radius:0px; '><\/div>\n\n<\/div><\/div><\/div><!-- close content main div --><\/div><\/div><div id='av_section_2'  class='avia-section main_color avia-section-default avia-no-border-styling  avia-bg-style-scroll  avia-builder-el-8  el_after_av_section  el_before_av_section   container_wrap sidebar_right' style=' '  ><div class='container' ><div class='template-page content  av-content-small alpha units'><div class='post-entry post-entry-type-page post-entry-952'><div class='entry-content-wrapper clearfix'>\n<div class=\"flex_column av_one_half  flex_column_div av-zero-column-padding first  avia-builder-el-9  el_before_av_one_half  avia-builder-el-first  \" style='background:url(https:\/\/knappgarden.se\/wp-content\/uploads\/2021\/12\/two-colum-img2.png) top left no-repeat ; border-radius:0px; '><div  class='avia-image-container  av-styling-    avia-builder-el-10  avia-builder-el-no-sibling  avia-align-center '  itemprop=\"image\" itemscope=\"itemscope\" itemtype=\"https:\/\/schema.org\/ImageObject\"  ><div class='avia-image-container-inner'><div class='avia-image-overlay-wrap'><img decoding=\"async\" class='wp-image-741 avia-img-lazy-loading-not-741 avia_image' src=\"https:\/\/knappgarden.se\/wp-content\/uploads\/2021\/12\/two-colum-img2.png\" alt='' title='knappgarden-img-3' height=\"550\" width=\"740\"  itemprop=\"thumbnailUrl\" srcset=\"https:\/\/knappgarden.se\/wp-content\/uploads\/2021\/12\/two-colum-img2.png 740w, https:\/\/knappgarden.se\/wp-content\/uploads\/2021\/12\/two-colum-img2-300x223.png 300w, https:\/\/knappgarden.se\/wp-content\/uploads\/2021\/12\/two-colum-img2-705x524.png 705w\" sizes=\"(max-width: 740px) 100vw, 740px\" \/><\/div><\/div><\/div><\/div><div class=\"flex_column av_one_half  flex_column_div av-zero-column-padding   avia-builder-el-11  el_after_av_one_half  avia-builder-el-last  \" style='border-radius:0px; '><section class=\"av_textblock_section \"  itemscope=\"itemscope\" itemtype=\"https:\/\/schema.org\/CreativeWork\" ><div class='avia_textblock  '   itemprop=\"text\" ><h2>BREAKFAST<\/h2>\n<p>Start the day in the best possible way!<\/p>\n<p>Our large breakfast buff\u00e9t is offered every day between 8.00 and 9.00.<\/p>\n<p>The breakfast buff\u00e9t is served in our restaurant in the main building.<\/p>\n<p>You are welcome to have breakfast here without being a resident, but only by pre-booking at a cost of 150 SEK\/person.<\/p>\n<p>Knappg\u00e5rden\u2019s hotel breakfast is specially selected to give you lots of energy and healthy options to keep you going .<\/p>\n<p>The bread is obviousy home made and Kjelle smokes most of the meat on the premises. The meat, both game and Dala produced reared meat , is provided by Karelius Chark.<\/p>\n<p>We offer a large choice of carefully selected Swedish cheese, homemade jams and marmalade. In season we serve fresh berries from the area and sallad from our own garden.<\/p>\n<\/div><\/section><\/div>\n\n<\/div><\/div><\/div><!-- close content main div --><\/div><\/div><div id='av_section_3'  class='avia-section main_color avia-section-default avia-no-border-styling  avia-bg-style-scroll  avia-builder-el-13  el_after_av_section  el_before_av_masonry_gallery   container_wrap sidebar_right' style=' '  ><div class='container' ><div class='template-page content  av-content-small alpha units'><div class='post-entry post-entry-type-page post-entry-952'><div class='entry-content-wrapper clearfix'>\n<div class=\"flex_column av_one_half  flex_column_div av-zero-column-padding first  avia-builder-el-14  el_before_av_one_half  avia-builder-el-first  \" style='border-radius:0px; '><section class=\"av_textblock_section \"  itemscope=\"itemscope\" itemtype=\"https:\/\/schema.org\/CreativeWork\" ><div class='avia_textblock  '   itemprop=\"text\" ><h2>DINNER<\/h2>\n<p>Finish the day in style!<\/p>\n<p>We offer a 3-course menu every night when we have residents. Dinner is served at 19.00 and is booked when you reserve your room or at latest the evening before your arrival.<\/p>\n<p>We don\u2019t offer \u2018drop-in\u2019 for non-residents but you are welcome to Knappg\u00e5rden for dinner when we have spare tables Price 648 Skr\/person.<\/p>\n<p>For younger guests (below 12 years of age) we offer children\u2019s portions at half price. Children will have a chance to experience the same quality and combinations of flavours as adults, just smaller portions.<\/p>\n<p>Our menu varies and is devised on the day. \u00a0Let us know if you have allergies or special diets, and we will do our best. Our ambition is to offer food locally produced, moose, reindeer and other game, fish used is wild caught or farmed locally. We use home produced vegetables, berries and wild mushrooms that we collect ourselves or supplied by good friends generously sharing ingredients.<\/p>\n<\/div><\/section><\/div><div class=\"flex_column av_one_half  av-hide-on-mobile  flex_column_div av-zero-column-padding   avia-builder-el-16  el_after_av_one_half  avia-builder-el-last  \" style='background:url(https:\/\/knappgarden.se\/wp-content\/uploads\/2022\/01\/IMG_3760-scaled.jpg) top left no-repeat ; border-radius:0px; '><div  class='avia-image-container  av-styling-    avia-builder-el-17  avia-builder-el-no-sibling  avia-align-center '  itemprop=\"image\" itemscope=\"itemscope\" itemtype=\"https:\/\/schema.org\/ImageObject\"  ><div class='avia-image-container-inner'><div class='avia-image-overlay-wrap'><img decoding=\"async\" class='wp-image-793 avia-img-lazy-loading-not-793 avia_image' src=\"https:\/\/knappgarden.se\/wp-content\/uploads\/2022\/01\/IMG_3760-scaled.jpg\" alt='' title='IMG_3760' height=\"1920\" width=\"2560\"  itemprop=\"thumbnailUrl\" srcset=\"https:\/\/knappgarden.se\/wp-content\/uploads\/2022\/01\/IMG_3760-scaled.jpg 2560w, https:\/\/knappgarden.se\/wp-content\/uploads\/2022\/01\/IMG_3760-300x225.jpg 300w, https:\/\/knappgarden.se\/wp-content\/uploads\/2022\/01\/IMG_3760-1030x773.jpg 1030w, https:\/\/knappgarden.se\/wp-content\/uploads\/2022\/01\/IMG_3760-768x576.jpg 768w, https:\/\/knappgarden.se\/wp-content\/uploads\/2022\/01\/IMG_3760-1536x1152.jpg 1536w, https:\/\/knappgarden.se\/wp-content\/uploads\/2022\/01\/IMG_3760-2048x1536.jpg 2048w, https:\/\/knappgarden.se\/wp-content\/uploads\/2022\/01\/IMG_3760-1920x1440.jpg 1920w, https:\/\/knappgarden.se\/wp-content\/uploads\/2022\/01\/IMG_3760-705x529.jpg 705w\" sizes=\"(max-width: 2560px) 100vw, 2560px\" \/><\/div><\/div><\/div><\/div><div id='av-masonry-1' class='av-masonry  noHover av-fixed-size av-large-gap av-hover-overlay- av-masonry-animation- av-masonry-col-4 av-caption-always av-caption-style- av-masonry-gallery   av-orientation-portrait  '  ><div class='av-masonry-container isotope av-js-disabled ' ><div class='av-masonry-entry isotope-item av-masonry-item-no-image '><\/div><a href=\"https:\/\/knappgarden.se\/wp-content\/uploads\/2022\/01\/20210616_102839-464x1030.jpg\"  aria-label=\"image 20210616_102839\"  id='av-masonry-1-item-751' data-av-masonry-item='751' class='av-masonry-entry isotope-item post-751 attachment type-attachment status-inherit hentry  av-masonry-item-with-image' title=\"20210616_102839\" alt=\"\"   itemprop=\"thumbnailUrl\" ><div class='av-inner-masonry-sizer'><\/div><figure class='av-inner-masonry main_color'><div class=\"av-masonry-outerimage-container\"><div class=\"av-masonry-image-container\" style=\"background-image: url(https:\/\/knappgarden.se\/wp-content\/uploads\/2022\/01\/20210616_102839-318x705.jpg);\" title=\"20210616_102839\" ><\/div><\/div><\/figure><\/a><!--end av-masonry entry--><a href=\"https:\/\/knappgarden.se\/wp-content\/uploads\/2022\/01\/IMG_0291-1030x1030.jpg\"  aria-label=\"image IMG_0291\"  id='av-masonry-1-item-761' data-av-masonry-item='761' class='av-masonry-entry isotope-item post-761 attachment type-attachment status-inherit hentry  av-masonry-item-with-image' title=\"IMG_0291\" alt=\"\"   itemprop=\"thumbnailUrl\" ><div class='av-inner-masonry-sizer'><\/div><figure class='av-inner-masonry main_color'><div class=\"av-masonry-outerimage-container\"><div class=\"av-masonry-image-container\" style=\"background-image: url(https:\/\/knappgarden.se\/wp-content\/uploads\/2022\/01\/IMG_0291-705x705.jpg);\" title=\"IMG_0291\" ><\/div><\/div><\/figure><\/a><!--end av-masonry entry--><a href=\"https:\/\/knappgarden.se\/wp-content\/uploads\/2022\/01\/IMG_0259-1030x930.jpg\"  aria-label=\"image IMG_0259\"  id='av-masonry-1-item-760' data-av-masonry-item='760' class='av-masonry-entry isotope-item post-760 attachment type-attachment status-inherit hentry  av-masonry-item-with-image' title=\"IMG_0259\" alt=\"\"   itemprop=\"thumbnailUrl\" ><div class='av-inner-masonry-sizer'><\/div><figure class='av-inner-masonry main_color'><div class=\"av-masonry-outerimage-container\"><div class=\"av-masonry-image-container\" style=\"background-image: url(https:\/\/knappgarden.se\/wp-content\/uploads\/2022\/01\/IMG_0259-705x636.jpg);\" title=\"IMG_0259\" ><\/div><\/div><\/figure><\/a><!--end av-masonry entry--><a href=\"https:\/\/knappgarden.se\/wp-content\/uploads\/2022\/01\/IMG_0113-1030x773.jpg\"  aria-label=\"image IMG_0113\"  id='av-masonry-1-item-758' data-av-masonry-item='758' class='av-masonry-entry isotope-item post-758 attachment type-attachment status-inherit hentry  av-masonry-item-with-image' title=\"IMG_0113\" alt=\"\"   itemprop=\"thumbnailUrl\" ><div class='av-inner-masonry-sizer'><\/div><figure class='av-inner-masonry main_color'><div class=\"av-masonry-outerimage-container\"><div class=\"av-masonry-image-container\" style=\"background-image: url(https:\/\/knappgarden.se\/wp-content\/uploads\/2022\/01\/IMG_0113-705x529.jpg);\" title=\"IMG_0113\" ><\/div><\/div><\/figure><\/a><!--end av-masonry entry--><a href=\"https:\/\/knappgarden.se\/wp-content\/uploads\/2022\/01\/IMG_0520-1030x773.jpg\"  aria-label=\"image IMG_0520\"  id='av-masonry-1-item-768' data-av-masonry-item='768' class='av-masonry-entry isotope-item post-768 attachment type-attachment status-inherit hentry  av-masonry-item-with-image' title=\"IMG_0520\" alt=\"\"   itemprop=\"thumbnailUrl\" ><div class='av-inner-masonry-sizer'><\/div><figure class='av-inner-masonry main_color'><div class=\"av-masonry-outerimage-container\"><div class=\"av-masonry-image-container\" style=\"background-image: url(https:\/\/knappgarden.se\/wp-content\/uploads\/2022\/01\/IMG_0520-705x529.jpg);\" title=\"IMG_0520\" ><\/div><\/div><\/figure><\/a><!--end av-masonry entry--><a href=\"https:\/\/knappgarden.se\/wp-content\/uploads\/2022\/01\/IMG_0519-773x1030.jpg\"  aria-label=\"image IMG_0519\"  id='av-masonry-1-item-767' data-av-masonry-item='767' class='av-masonry-entry isotope-item post-767 attachment type-attachment status-inherit hentry  av-masonry-item-with-image' title=\"IMG_0519\" alt=\"\"   itemprop=\"thumbnailUrl\" ><div class='av-inner-masonry-sizer'><\/div><figure class='av-inner-masonry main_color'><div class=\"av-masonry-outerimage-container\"><div class=\"av-masonry-image-container\" style=\"background-image: url(https:\/\/knappgarden.se\/wp-content\/uploads\/2022\/01\/IMG_0519-529x705.jpg);\" title=\"IMG_0519\" ><\/div><\/div><\/figure><\/a><!--end av-masonry entry--><a href=\"https:\/\/knappgarden.se\/wp-content\/uploads\/2022\/01\/IMG_4064-773x1030.jpg\"  aria-label=\"image IMG_4064\"  id='av-masonry-1-item-796' data-av-masonry-item='796' class='av-masonry-entry isotope-item post-796 attachment type-attachment status-inherit hentry  av-masonry-item-with-image' title=\"IMG_4064\" alt=\"\"   itemprop=\"thumbnailUrl\" ><div class='av-inner-masonry-sizer'><\/div><figure class='av-inner-masonry main_color'><div class=\"av-masonry-outerimage-container\"><div class=\"av-masonry-image-container\" style=\"background-image: url(https:\/\/knappgarden.se\/wp-content\/uploads\/2022\/01\/IMG_4064-529x705.jpg);\" title=\"IMG_4064\" ><\/div><\/div><\/figure><\/a><!--end av-masonry entry--><a href=\"https:\/\/knappgarden.se\/wp-content\/uploads\/2022\/01\/IMG_3760-1030x773.jpg\"  aria-label=\"image IMG_3760\"  id='av-masonry-1-item-793' data-av-masonry-item='793' class='av-masonry-entry isotope-item post-793 attachment type-attachment status-inherit hentry  av-masonry-item-with-image' title=\"IMG_3760\" alt=\"\"   itemprop=\"thumbnailUrl\" ><div class='av-inner-masonry-sizer'><\/div><figure class='av-inner-masonry main_color'><div class=\"av-masonry-outerimage-container\"><div class=\"av-masonry-image-container\" style=\"background-image: url(https:\/\/knappgarden.se\/wp-content\/uploads\/2022\/01\/IMG_3760-705x529.jpg);\" title=\"IMG_3760\" ><\/div><\/div><\/figure><\/a><!--end av-masonry entry--><\/div><\/div><\/p>\n","protected":false},"excerpt":{"rendered":"","protected":false},"author":2,"featured_media":834,"parent":0,"menu_order":0,"comment_status":"closed","ping_status":"closed","template":"","meta":{"footnotes":""},"class_list":["post-952","page","type-page","status-publish","has-post-thumbnail","hentry"],"yoast_head":"<!-- This site is optimized with the Yoast SEO plugin v25.1 - https:\/\/yoast.com\/wordpress\/plugins\/seo\/ -->\n<title>Food - Knappg\u00e5rden Fj\u00e4llhotell<\/title>\n<meta name=\"description\" content=\"Breakfast and dinner at Knappg\u00e5rden. We are keen to support a living countryside where animals and people will thrive in the future.\" \/>\n<meta name=\"robots\" content=\"index, follow, max-snippet:-1, max-image-preview:large, max-video-preview:-1\" \/>\n<link rel=\"canonical\" href=\"https:\/\/knappgarden.se\/en\/food\/\" \/>\n<meta property=\"og:locale\" content=\"en_US\" \/>\n<meta property=\"og:type\" content=\"article\" \/>\n<meta property=\"og:title\" content=\"Food - Knappg\u00e5rden Fj\u00e4llhotell\" \/>\n<meta property=\"og:description\" content=\"Breakfast and dinner at Knappg\u00e5rden. We are keen to support a living countryside where animals and people will thrive in the future.\" \/>\n<meta property=\"og:url\" content=\"https:\/\/knappgarden.se\/en\/food\/\" \/>\n<meta property=\"og:site_name\" content=\"Knappg\u00e5rden Fj\u00e4llhotell\" \/>\n<meta property=\"article:modified_time\" content=\"2025-10-06T11:51:16+00:00\" \/>\n<meta property=\"og:image\" content=\"https:\/\/knappgarden.se\/wp-content\/uploads\/2022\/01\/god-mat-pa-knappgarden-fjallhotell.png\" \/>\n\t<meta property=\"og:image:width\" content=\"740\" \/>\n\t<meta property=\"og:image:height\" content=\"550\" \/>\n\t<meta property=\"og:image:type\" content=\"image\/png\" \/>\n<meta name=\"twitter:card\" content=\"summary_large_image\" \/>\n<meta name=\"twitter:label1\" content=\"Est. reading time\" \/>\n\t<meta name=\"twitter:data1\" content=\"6 minutes\" \/>\n<script type=\"application\/ld+json\" class=\"yoast-schema-graph\">{\"@context\":\"https:\/\/schema.org\",\"@graph\":[{\"@type\":\"WebPage\",\"@id\":\"https:\/\/knappgarden.se\/en\/food\/\",\"url\":\"https:\/\/knappgarden.se\/en\/food\/\",\"name\":\"Food - Knappg\u00e5rden Fj\u00e4llhotell\",\"isPartOf\":{\"@id\":\"https:\/\/knappgarden.se\/#website\"},\"primaryImageOfPage\":{\"@id\":\"https:\/\/knappgarden.se\/en\/food\/#primaryimage\"},\"image\":{\"@id\":\"https:\/\/knappgarden.se\/en\/food\/#primaryimage\"},\"thumbnailUrl\":\"https:\/\/knappgarden.se\/wp-content\/uploads\/2022\/01\/god-mat-pa-knappgarden-fjallhotell.png\",\"datePublished\":\"2021-12-06T11:29:35+00:00\",\"dateModified\":\"2025-10-06T11:51:16+00:00\",\"description\":\"Breakfast and dinner at Knappg\u00e5rden. We are keen to support a living countryside where animals and people will thrive in the future.\",\"breadcrumb\":{\"@id\":\"https:\/\/knappgarden.se\/en\/food\/#breadcrumb\"},\"inLanguage\":\"en-US\",\"potentialAction\":[{\"@type\":\"ReadAction\",\"target\":[\"https:\/\/knappgarden.se\/en\/food\/\"]}]},{\"@type\":\"ImageObject\",\"inLanguage\":\"en-US\",\"@id\":\"https:\/\/knappgarden.se\/en\/food\/#primaryimage\",\"url\":\"https:\/\/knappgarden.se\/wp-content\/uploads\/2022\/01\/god-mat-pa-knappgarden-fjallhotell.png\",\"contentUrl\":\"https:\/\/knappgarden.se\/wp-content\/uploads\/2022\/01\/god-mat-pa-knappgarden-fjallhotell.png\",\"width\":740,\"height\":550},{\"@type\":\"BreadcrumbList\",\"@id\":\"https:\/\/knappgarden.se\/en\/food\/#breadcrumb\",\"itemListElement\":[{\"@type\":\"ListItem\",\"position\":1,\"name\":\"Hem\",\"item\":\"https:\/\/knappgarden.se\/en\/hem\/\"},{\"@type\":\"ListItem\",\"position\":2,\"name\":\"Food\"}]},{\"@type\":\"WebSite\",\"@id\":\"https:\/\/knappgarden.se\/#website\",\"url\":\"https:\/\/knappgarden.se\/\",\"name\":\"Knappg\u00e5rden Fj\u00e4llhotell\",\"description\":\"V\u00e4lkommen att bo och \u00e4ta gott i Norra Dalarnas Fj\u00e4llv\u00e4rld\",\"potentialAction\":[{\"@type\":\"SearchAction\",\"target\":{\"@type\":\"EntryPoint\",\"urlTemplate\":\"https:\/\/knappgarden.se\/?s={search_term_string}\"},\"query-input\":{\"@type\":\"PropertyValueSpecification\",\"valueRequired\":true,\"valueName\":\"search_term_string\"}}],\"inLanguage\":\"en-US\"}]}<\/script>\n<!-- \/ Yoast SEO plugin. -->","yoast_head_json":{"title":"Food - Knappg\u00e5rden Fj\u00e4llhotell","description":"Breakfast and dinner at Knappg\u00e5rden. We are keen to support a living countryside where animals and people will thrive in the future.","robots":{"index":"index","follow":"follow","max-snippet":"max-snippet:-1","max-image-preview":"max-image-preview:large","max-video-preview":"max-video-preview:-1"},"canonical":"https:\/\/knappgarden.se\/en\/food\/","og_locale":"en_US","og_type":"article","og_title":"Food - Knappg\u00e5rden Fj\u00e4llhotell","og_description":"Breakfast and dinner at Knappg\u00e5rden. We are keen to support a living countryside where animals and people will thrive in the future.","og_url":"https:\/\/knappgarden.se\/en\/food\/","og_site_name":"Knappg\u00e5rden Fj\u00e4llhotell","article_modified_time":"2025-10-06T11:51:16+00:00","og_image":[{"width":740,"height":550,"url":"https:\/\/knappgarden.se\/wp-content\/uploads\/2022\/01\/god-mat-pa-knappgarden-fjallhotell.png","type":"image\/png"}],"twitter_card":"summary_large_image","twitter_misc":{"Est. reading time":"6 minutes"},"schema":{"@context":"https:\/\/schema.org","@graph":[{"@type":"WebPage","@id":"https:\/\/knappgarden.se\/en\/food\/","url":"https:\/\/knappgarden.se\/en\/food\/","name":"Food - Knappg\u00e5rden Fj\u00e4llhotell","isPartOf":{"@id":"https:\/\/knappgarden.se\/#website"},"primaryImageOfPage":{"@id":"https:\/\/knappgarden.se\/en\/food\/#primaryimage"},"image":{"@id":"https:\/\/knappgarden.se\/en\/food\/#primaryimage"},"thumbnailUrl":"https:\/\/knappgarden.se\/wp-content\/uploads\/2022\/01\/god-mat-pa-knappgarden-fjallhotell.png","datePublished":"2021-12-06T11:29:35+00:00","dateModified":"2025-10-06T11:51:16+00:00","description":"Breakfast and dinner at Knappg\u00e5rden. We are keen to support a living countryside where animals and people will thrive in the future.","breadcrumb":{"@id":"https:\/\/knappgarden.se\/en\/food\/#breadcrumb"},"inLanguage":"en-US","potentialAction":[{"@type":"ReadAction","target":["https:\/\/knappgarden.se\/en\/food\/"]}]},{"@type":"ImageObject","inLanguage":"en-US","@id":"https:\/\/knappgarden.se\/en\/food\/#primaryimage","url":"https:\/\/knappgarden.se\/wp-content\/uploads\/2022\/01\/god-mat-pa-knappgarden-fjallhotell.png","contentUrl":"https:\/\/knappgarden.se\/wp-content\/uploads\/2022\/01\/god-mat-pa-knappgarden-fjallhotell.png","width":740,"height":550},{"@type":"BreadcrumbList","@id":"https:\/\/knappgarden.se\/en\/food\/#breadcrumb","itemListElement":[{"@type":"ListItem","position":1,"name":"Hem","item":"https:\/\/knappgarden.se\/en\/hem\/"},{"@type":"ListItem","position":2,"name":"Food"}]},{"@type":"WebSite","@id":"https:\/\/knappgarden.se\/#website","url":"https:\/\/knappgarden.se\/","name":"Knappg\u00e5rden Fj\u00e4llhotell","description":"V\u00e4lkommen att bo och \u00e4ta gott i Norra Dalarnas Fj\u00e4llv\u00e4rld","potentialAction":[{"@type":"SearchAction","target":{"@type":"EntryPoint","urlTemplate":"https:\/\/knappgarden.se\/?s={search_term_string}"},"query-input":{"@type":"PropertyValueSpecification","valueRequired":true,"valueName":"search_term_string"}}],"inLanguage":"en-US"}]}},"_links":{"self":[{"href":"https:\/\/knappgarden.se\/en\/wp-json\/wp\/v2\/pages\/952","targetHints":{"allow":["GET"]}}],"collection":[{"href":"https:\/\/knappgarden.se\/en\/wp-json\/wp\/v2\/pages"}],"about":[{"href":"https:\/\/knappgarden.se\/en\/wp-json\/wp\/v2\/types\/page"}],"author":[{"embeddable":true,"href":"https:\/\/knappgarden.se\/en\/wp-json\/wp\/v2\/users\/2"}],"replies":[{"embeddable":true,"href":"https:\/\/knappgarden.se\/en\/wp-json\/wp\/v2\/comments?post=952"}],"version-history":[{"count":12,"href":"https:\/\/knappgarden.se\/en\/wp-json\/wp\/v2\/pages\/952\/revisions"}],"predecessor-version":[{"id":3582,"href":"https:\/\/knappgarden.se\/en\/wp-json\/wp\/v2\/pages\/952\/revisions\/3582"}],"wp:featuredmedia":[{"embeddable":true,"href":"https:\/\/knappgarden.se\/en\/wp-json\/wp\/v2\/media\/834"}],"wp:attachment":[{"href":"https:\/\/knappgarden.se\/en\/wp-json\/wp\/v2\/media?parent=952"}],"curies":[{"name":"wp","href":"https:\/\/api.w.org\/{rel}","templated":true}]}}